{"id":557,"date":"2025-01-30T14:27:55","date_gmt":"2025-01-30T14:27:55","guid":{"rendered":"https:\/\/www.pica-ai.com\/resource-es\/?page_id=557"},"modified":"2025-11-14T07:27:51","modified_gmt":"2025-11-14T07:27:51","slug":"image-enlarger","status":"publish","type":"page","link":"https:\/\/www.pica-ai.com\/resource-es\/image-enlarger\/","title":{"rendered":"Ampliar Imagen con IA Online Gratis"},"content":{"rendered":"\n<div class=\"wp-container-6a073a43041ed wp-block-group whiteBg blogBox custom-bannerbg has-black-background-color has-background\"><div class=\"wp-block-group__inner-container\">\n<div class=\"wp-block-media-text alignwide has-media-on-the-right is-stacked-on-mobile txtImg\"><figure class=\"wp-block-media-text__media\"><img src=\"https:\/\/img.mbwpai.com\/www.pica-ai.com\/sites\/11\/2025\/01\/16041204\/pica-ai-image-enlarger-banner-1024x923.png\" alt=\"ampliar imagen con ia\" class=\"wp-image-547 size-full\"\/><\/figure><div class=\"wp-block-media-text__content\">\n<h1 class=\"has-text-align-left wp-block-heading has-white-color has-text-color\">Ampliar Imagen con IA Online Gratis<\/h1>\n\n\n\n<p class=\"has-text-align-left has-white-color has-text-color\">Convierte tus fotos peque\u00f1as en im\u00e1genes m\u00e1s grandes, claras y n\u00edtidas con nuestra herramienta de IA. Ampl\u00eda tus fotos hasta 4x para todo uso digital e impreso &#8211; desde posts en redes sociales hasta cuadros decorativos.<\/p>\n\n\n\n<div class=\"wp-container-6a073a430410d wp-block-group\"><div class=\"wp-block-group__inner-container\">\n<div class=\"wp-container-6a073a43040e2 wp-block-group\"><div class=\"wp-block-group__inner-container\">\n<div class=\"wp-block-buttons is-content-justification-left btnBox\">\n<div class=\"wp-block-button\"><a class=\"wp-block-button__link\" href=\"https:\/\/www.artguru.ai\/es\/image-upscaler\/\">\u00a1Ampliar imagen con IA ahora!<\/a><\/div>\n<\/div>\n<\/div><\/div>\n<style>.wp-container-6a073a43040e2 .alignleft { float: left; margin-right: 2em; }.wp-container-6a073a43040e2 .alignright { float: right; margin-left: 2em; }<\/style><\/div><\/div>\n<style>.wp-container-6a073a430410d .alignleft { float: left; margin-right: 2em; }.wp-container-6a073a430410d .alignright { float: right; margin-left: 2em; }<\/style><\/div><\/div>\n\n\n\n<div class=\"wp-block-columns alignfull customizeList listBox has-white-color has-text-color\">\n<div class=\"wp-block-column has-background\" style=\"background-color:#282a37\">\n<h5 class=\"wp-block-heading has-white-color has-text-color\"><img class=\"wp-image-28\" style=\"width: 24px\" src=\"http:\/\/www.pica-ai.com\/resource\/wp-content\/uploads\/sites\/8\/sites\/11\/2023\/05\/icon3.png\" alt=\"\"> <strong>Im\u00e1genes Hasta 4X M\u00e1s Grandes<\/strong><\/h5>\n\n\n\n<p>Nuestra herramienta de IA ampl\u00eda tus im\u00e1genes hasta 4 veces su tama\u00f1o original. La resoluci\u00f3n final depender\u00e1 del tama\u00f1o de tu imagen inicial.<\/p>\n<\/div>\n\n\n\n<div class=\"wp-block-column has-background\" style=\"background-color:#282a37\">\n<h5 class=\"wp-block-heading has-white-color has-text-color\"><img class=\"wp-image-29\" style=\"width: 24px\" src=\"http:\/\/www.pica-ai.com\/resource\/wp-content\/uploads\/sites\/8\/sites\/11\/2023\/05\/icon4.png\" alt=\"\"><strong>Resultados en M\u00e1xima Calidad<\/strong><\/h5>\n\n\n\n<p>Nuestra tecnolog\u00eda de IA mantiene tus im\u00e1genes ampliadas n\u00edtidas y claras. Menos borrosidad y m\u00e1s detalle en cada imagen.<\/p>\n<\/div>\n\n\n\n<div class=\"wp-block-column has-background\" style=\"background-color:#282a37\">\n<h5 class=\"wp-block-heading has-white-color has-text-color\"><img class=\"wp-image-27\" style=\"width: 24px\" src=\"http:\/\/www.pica-ai.com\/resource\/wp-content\/uploads\/sites\/8\/sites\/11\/2023\/05\/icon2.png\" alt=\"\"> <strong>Ampl\u00eda Con Solo un Clic<\/strong><\/h5>\n\n\n\n<p>Carga tu imagen y obt\u00e9n resultados al instante. Sin conocimientos t\u00e9cnicos ni descargas necesarias.<\/p>\n<\/div>\n\n\n\n<div class=\"wp-block-column has-background\" style=\"background-color:#282a37\">\n<h5 class=\"wp-block-heading has-white-color has-text-color\"><img class=\"wp-image-26\" style=\"width: 24px\" src=\"http:\/\/www.pica-ai.com\/resource\/wp-content\/uploads\/sites\/8\/sites\/11\/2023\/05\/icon1.png\" alt=\"\"> <strong>Soporte Para M\u00faltiples Formatos<\/strong><\/h5>\n\n\n\n<p>Ampl\u00eda archivos JPG, PNG, GIF y WebP. Nuestra herramienta soporta todos los formatos de imagen m\u00e1s usados.<\/p>\n<\/div>\n<\/div>\n<\/div><\/div>\n<style>.wp-container-6a073a43041ed .alignleft { float: left; margin-right: 2em; }.wp-container-6a073a43041ed .alignright { float: right; margin-left: 2em; }<\/style>\n\n\n<div class=\"wp-block-media-text alignwide has-media-on-the-right is-stacked-on-mobile whiteBg txtImg\"><figure class=\"wp-block-media-text__media\"><img src=\"https:\/\/img.mbwpai.com\/www.pica-ai.com\/sites\/11\/2025\/01\/16100354\/pica-image-enlarger-2.png\" alt=\"agrandar imagenes\" class=\"wp-image-558 size-full\"\/><\/figure><div class=\"wp-block-media-text__content\">\n<h2 class=\"has-text-align-left wp-block-heading\">\u00a1Agrandar Imagenes Con el Poder de la IA!<\/h2>\n\n\n\n<p class=\"has-text-align-left\">Ahora puedes ampliar tus im\u00e1genes y mantenerlas n\u00edtidas con la herramienta de IA de Pica. Carga cualquier imagen y en segundos, nuestra IA la har\u00e1 hasta 4 veces m\u00e1s grande. Conseguir\u00e1s resultados excepcionales, especialmente en retratos e im\u00e1genes con texto. Por ejemplo, puedes transformar una imagen de 600x600px a 2400x2400px sin perder calidad. Todo el proceso ocurre en tu navegador, sin necesidad de descargas. \u00a1Empieza hoy mismo con 4 cr\u00e9ditos gratis que se renuevan cada d\u00eda!<\/p>\n\n\n\n<div class=\"wp-block-buttons is-content-justification-left btnBox\">\n<div class=\"wp-block-button\"><a class=\"wp-block-button__link\" href=\"https:\/\/www.artguru.ai\/es\/image-upscaler\/\">\u00a1Ampliar imagen con IA ahora!<\/a><\/div>\n<\/div>\n<\/div><\/div>\n\n\n\n<div class=\"wp-block-media-text alignwide is-stacked-on-mobile whiteBg space column-reverse\"><figure class=\"wp-block-media-text__media\"><img src=\"https:\/\/img.mbwpai.com\/www.pica-ai.com\/sites\/11\/2025\/01\/16074510\/pica-image-enlarger-1.png\" alt=\"agrandar imagenes\" class=\"wp-image-554 size-full\"\/><\/figure><div class=\"wp-block-media-text__content\">\n<h2 class=\"has-text-align-left wp-block-heading\">Agrandar Imagenes de Retratos con Calidad Profesional<\/h2>\n\n\n\n<p class=\"has-text-align-left\">\u00bfTienes una foto de retrato antigua o desenfocada? Nuestra tecnolog\u00eda de IA no solo permite agrandar la imagen, sino que mejora cada detalle. A diferencia de otras herramientas convencionales, Pica AI se especializa en optimizar retratos, logrando resultados excepcionales en facciones y texturas de la piel. Mira c\u00f3mo tus retratos poco definidos se transforman en fotos n\u00edtidas y profesionales, con detalles faciales mejorados, ojos m\u00e1s definidos y tonos de piel naturales.<\/p>\n\n\n\n<div class=\"wp-block-buttons is-content-justification-left btnBox\">\n<div class=\"wp-block-button\"><a class=\"wp-block-button__link\" href=\"https:\/\/www.artguru.ai\/es\/image-upscaler\/\">\u00a1Ampliar imagen con IA ahora!<\/a><\/div>\n<\/div>\n<\/div><\/div>\n\n\n\n<div class=\"wp-container-6a073a430446c wp-block-group custom-main-btn custon-how-use has-white-background-color has-background\"><div class=\"wp-block-group__inner-container\">\n<h2 class=\"has-text-align-center wp-block-heading\">C\u00f3mo Agrandar Imagenes con IA<\/h2>\n\n\n\n<div class=\"wp-block-columns\">\n<div class=\"wp-block-column\">\n<figure class=\"wp-block-image size-full\"><img src=\"https:\/\/img.mbwpai.com\/www.pica-ai.com\/sites\/11\/2025\/01\/16102005\/pica-enhance-step-1.png\" alt=\"ampliar imagen con ia\" class=\"wp-image-564\"\/><\/figure>\n\n\n\n<div class=\"wp-container-6a073a4304360 wp-block-group\"><div class=\"wp-block-group__inner-container\">\n<h5 class=\"has-text-align-left wp-block-heading\"><strong>01 <\/strong><\/h5>\n\n\n\n<h5 class=\"has-text-align-left wp-block-heading\"><strong><strong>Carga tu imagen<\/strong><\/strong><\/h5>\n\n\n\n<p>Arrastra tu foto a nuestra herramienta o haz clic para seleccionarla desde tus archivos.<\/p>\n<\/div><\/div>\n<style>.wp-container-6a073a4304360 .alignleft { float: left; margin-right: 2em; }.wp-container-6a073a4304360 .alignright { float: right; margin-left: 2em; }<\/style><\/div>\n\n\n\n<div class=\"wp-block-column\">\n<figure class=\"wp-block-image size-full\"><img src=\"https:\/\/img.mbwpai.com\/www.pica-ai.com\/sites\/11\/2025\/01\/16102009\/pica-enhance-step-2.png\" alt=\"agrandar imagenes\" class=\"wp-image-565\"\/><\/figure>\n\n\n\n<div class=\"wp-container-6a073a43043c4 wp-block-group\"><div class=\"wp-block-group__inner-container\">\n<h5 class=\"has-text-align-left wp-block-heading\"><strong>02 <\/strong><\/h5>\n\n\n\n<h5 class=\"has-text-align-left wp-block-heading\"><strong><strong><strong>Nuestra IA en Acci\u00f3n<\/strong><\/strong><\/strong><\/h5>\n\n\n\n<p>Espera unos segundos mientras nuestra IA analiza y mejora tu imagen, perfeccionando cada detalle.<\/p>\n<\/div><\/div>\n<style>.wp-container-6a073a43043c4 .alignleft { float: left; margin-right: 2em; }.wp-container-6a073a43043c4 .alignright { float: right; margin-left: 2em; }<\/style><\/div>\n\n\n\n<div class=\"wp-block-column\">\n<figure class=\"wp-block-image size-full\"><img src=\"https:\/\/img.mbwpai.com\/www.pica-ai.com\/sites\/11\/2025\/01\/16102014\/pica-enhance-step-3.png\" alt=\"ampliar imagen con ia\" class=\"wp-image-566\"\/><\/figure>\n\n\n\n<div class=\"wp-container-6a073a4304425 wp-block-group\"><div class=\"wp-block-group__inner-container\">\n<h5 class=\"has-text-align-left wp-block-heading\"><strong>03 <\/strong><\/h5>\n\n\n\n<h5 class=\"has-text-align-left wp-block-heading\"><strong><strong><strong>Visualiza y Descarga<\/strong><\/strong><\/strong><\/h5>\n\n\n\n<p>Comprueba el resultado en nuestra ventana de vista previa. \u00bfTe gusta c\u00f3mo qued\u00f3? Descarga tu foto en alta resoluci\u00f3n con un clic.<\/p>\n<\/div><\/div>\n<style>.wp-container-6a073a4304425 .alignleft { float: left; margin-right: 2em; }.wp-container-6a073a4304425 .alignright { float: right; margin-left: 2em; }<\/style><\/div>\n<\/div>\n\n\n\n<div class=\"wp-block-buttons btnBox\">\n<div class=\"wp-block-button\"><a class=\"wp-block-button__link\" href=\"https:\/\/www.artguru.ai\/es\/image-upscaler\/\">\u00a1Ampliar imagen con IA ahora!<\/a><\/div>\n<\/div>\n<\/div><\/div>\n<style>.wp-container-6a073a430446c .alignleft { float: left; margin-right: 2em; }.wp-container-6a073a430446c .alignright { float: right; margin-left: 2em; }<\/style>\n\n\n<div class=\"wp-container-6a073a43044e3 wp-block-group faqBox has-background\" style=\"background-color:#f2f4f5\"><div class=\"wp-block-group__inner-container\">\n<div class=\"wp-container-6a073a43044cc wp-block-group faqBox has-background\" style=\"background-color:#f2f4f5\"><div class=\"wp-block-group__inner-container\">\n<h2 class=\"wp-block-heading\">FAQ: Agrandar imagenes con IA<\/h2>\n\n\n\n<div class=\"schema-faq wp-block-yoast-faq-block\"><div class=\"schema-faq-section\" id=\"faq-question-1720757919021\"><strong class=\"schema-faq-question\">1. \u00bfHasta qu\u00e9 tama\u00f1o puedo ampliar mis im\u00e1genes?<\/strong> <p class=\"schema-faq-answer\">Nuestra IA puede ampliar tus im\u00e1genes hasta 4 veces su tama\u00f1o original sin perder calidad. Por ejemplo, una imagen de 800&#215;800 px puede ampliarse hasta 3200&#215;3200 px. Actualmente, optimizamos im\u00e1genes hasta resoluci\u00f3n 4K, y estamos mejorando constantemente nuestra tecnolog\u00eda para soportar tama\u00f1os a\u00fan mayores.<\/p> <\/div> <div class=\"schema-faq-section\" id=\"faq-question-1720757948276\"><strong class=\"schema-faq-question\">2. <strong>\u00bfEs gratuito usar la herramienta?<\/strong><\/strong> <p class=\"schema-faq-answer\">\u00a1S\u00ed! Todos los usuarios reciben 4 cr\u00e9ditos gratuitos cada d\u00eda, y necesitas 2 cr\u00e9ditos para ampliar una imagen.<\/p> <\/div> <\/div>\n<\/div><\/div>\n<style>.wp-container-6a073a43044cc .alignleft { float: left; margin-right: 2em; }.wp-container-6a073a43044cc .alignright { float: right; margin-left: 2em; }<\/style><\/div><\/div>\n<style>.wp-container-6a073a43044e3 .alignleft { float: left; margin-right: 2em; }.wp-container-6a073a43044e3 .alignright { float: right; margin-left: 2em; }<\/style>\n\n\n<div class=\"wp-container-6a073a43045b4 wp-block-group alignfull has-white-color has-white-background-color has-text-color has-background\"><div class=\"wp-block-group__inner-container\">\n<h2 class=\"has-text-align-center wp-block-heading flex-row has-black-color has-text-color\">Explora M\u00e1s Herramientas de IA<\/h2>\n\n\n\n<div class=\"wp-block-columns alignfull customizeList custom-nomargin has-white-color has-white-background-color has-text-color has-background\">\n<div class=\"wp-block-column\">\n<figure class=\"wp-block-image size-full\"><a href=\"https:\/\/www.pica-ai.com\/es\/photo-enhancer\/\"><img loading=\"lazy\" width=\"772\" height=\"400\" src=\"https:\/\/img.mbwpai.com\/www.pica-ai.com\/sites\/11\/2024\/10\/09025659\/pica-photo-enhancer-banner.png\" alt=\"\" class=\"wp-image-341\" srcset=\"https:\/\/img.mbwpai.com\/www.pica-ai.com\/sites\/41\/2024\/10\/07081210\/pica-photo-enhancer-banner.png 772w, https:\/\/img.mbwpai.com\/www.pica-ai.com\/sites\/41\/2024\/10\/07081210\/pica-photo-enhancer-banner-300x155.png 300w, https:\/\/img.mbwpai.com\/www.pica-ai.com\/sites\/41\/2024\/10\/07081210\/pica-photo-enhancer-banner-768x398.png 768w\" sizes=\"(max-width: 772px) 100vw, 772px\" \/><\/a><\/figure>\n\n\n\n<p class=\"has-text-align-left wp-block-heading has-black-color has-text-color\"><strong><a href=\"https:\/\/www.pica-ai.com\/es\/photo-enhancer\/\">Mejorar Calidad de Imagen con IA<\/a><\/strong><\/p>\n<\/div>\n\n\n\n<div class=\"wp-block-column\">\n<figure class=\"wp-block-image size-full\"><a href=\"https:\/\/www.pica-ai.com\/es\/face-swap\/\"><img loading=\"lazy\" width=\"775\" height=\"400\" src=\"https:\/\/img.mbwpai.com\/www.pica-ai.com\/sites\/11\/2024\/10\/09025732\/pica-ai-face-swap-banner.png\" alt=\"\" class=\"wp-image-342\" srcset=\"https:\/\/img.mbwpai.com\/www.pica-ai.com\/sites\/41\/2024\/10\/07081211\/pica-ai-face-swap-banner.png 775w, https:\/\/img.mbwpai.com\/www.pica-ai.com\/sites\/41\/2024\/10\/07081211\/pica-ai-face-swap-banner-300x155.png 300w, https:\/\/img.mbwpai.com\/www.pica-ai.com\/sites\/41\/2024\/10\/07081211\/pica-ai-face-swap-banner-768x396.png 768w\" sizes=\"(max-width: 775px) 100vw, 775px\" \/><\/a><\/figure>\n\n\n\n<p class=\"has-text-align-left wp-block-heading has-black-color has-text-color\"><a href=\"https:\/\/www.pica-ai.com\/es\/face-swap\/\" target=\"_blank\" rel=\"noreferrer noopener\"><strong>Cambiar Caras<\/strong><\/a><\/p>\n<\/div>\n\n\n\n<div class=\"wp-block-column\">\n<figure class=\"wp-block-image size-full\"><a href=\"https:\/\/www.pica-ai.com\/es\/ai-headshot-generator\/\"><img loading=\"lazy\" width=\"778\" height=\"400\" src=\"https:\/\/img.mbwpai.com\/www.pica-ai.com\/sites\/11\/2024\/10\/09025748\/pica-headshot-banner.png\" alt=\"\" class=\"wp-image-343\" srcset=\"https:\/\/img.mbwpai.com\/www.pica-ai.com\/sites\/41\/2024\/10\/07081213\/pica-headshot-banner.png 778w, https:\/\/img.mbwpai.com\/www.pica-ai.com\/sites\/41\/2024\/10\/07081213\/pica-headshot-banner-300x154.png 300w, https:\/\/img.mbwpai.com\/www.pica-ai.com\/sites\/41\/2024\/10\/07081213\/pica-headshot-banner-768x395.png 768w\" sizes=\"(max-width: 778px) 100vw, 778px\" \/><\/a><\/figure>\n\n\n\n<p class=\"has-text-align-left wp-block-heading has-black-color has-text-color\"><strong><a href=\"https:\/\/www.pica-ai.com\/es\/ai-headshot-generator\/\">Generador de Fotos Profesionales con IA<\/a><\/strong><\/p>\n<\/div>\n<\/div>\n<\/div><\/div>\n<style>.wp-container-6a073a43045b4 .alignleft { float: left; margin-right: 2em; }.wp-container-6a073a43045b4 .alignright { float: right; margin-left: 2em; }<\/style>","protected":false},"excerpt":{"rendered":"<p>Ampliar Imagen con IA Online Gratis Convierte tus fotos peque\u00f1as en im\u00e1genes m\u00e1s grandes, claras y n\u00edtidas con nuestra herramienta de IA. Ampl\u00eda tus fotos hasta 4x para todo uso digital e impreso &#8211; desde posts en redes sociales hasta cuadros decorativos. Im\u00e1genes Hasta 4X M\u00e1s Grandes Nuestra herramienta de IA ampl\u00eda tus im\u00e1genes hasta [&hellip;]<\/p>\n","protected":false},"author":1,"featured_media":0,"parent":0,"menu_order":0,"comment_status":"closed","ping_status":"closed","template":"customPage.php","meta":[],"yoast_head":"<!-- This site is optimized with the Yoast SEO plugin v17.4 - https:\/\/yoast.com\/wordpress\/plugins\/seo\/ -->\n<title>Ampliar imagen con IA online gratis - Aumenta tus fotos<\/title>\n<meta name=\"description\" content=\"Transforma fotos borrosas a HD con nuestra herramienta para ampliar imagen con IA. Aumenta hasta 4x sin perder calidad. \u00a1Pru\u00e9balo gratis!\" \/>\n<meta name=\"robots\" content=\"index, follow, max-snippet:-1, max-image-preview:large, max-video-preview:-1\" \/>\n<link rel=\"canonical\" href=\"https:\/\/www.pica-ai.com\/resource-es\/image-enlarger\/\" \/>\n<meta property=\"og:locale\" content=\"en_US\" \/>\n<meta property=\"og:type\" content=\"article\" \/>\n<meta property=\"og:title\" content=\"Ampliar imagen con IA online gratis - Aumenta tus fotos\" \/>\n<meta property=\"og:description\" content=\"Transforma fotos borrosas a HD con nuestra herramienta para ampliar imagen con IA. Aumenta hasta 4x sin perder calidad. \u00a1Pru\u00e9balo gratis!\" \/>\n<meta property=\"og:url\" content=\"https:\/\/www.pica-ai.com\/resource-es\/image-enlarger\/\" \/>\n<meta property=\"og:site_name\" content=\"www.pica-ai.com\/resource-es\" \/>\n<meta property=\"article:modified_time\" content=\"2025-11-14T07:27:51+00:00\" \/>\n<meta property=\"og:image\" content=\"https:\/\/img.mbwpai.com\/www.pica-ai.com\/sites\/11\/2025\/01\/16041204\/pica-ai-image-enlarger-banner-1024x923.png\" \/>\n<meta name=\"twitter:card\" content=\"summary_large_image\" \/>\n<meta name=\"twitter:label1\" content=\"Est. reading time\" \/>\n\t<meta name=\"twitter:data1\" content=\"5 minutes\" \/>\n<script type=\"application\/ld+json\" class=\"yoast-schema-graph\">{\"@context\":\"https:\/\/schema.org\",\"@graph\":[{\"@type\":\"WebSite\",\"@id\":\"https:\/\/www.pica-ai.com\/resource-es\/#website\",\"url\":\"https:\/\/www.pica-ai.com\/resource-es\/\",\"name\":\"www.pica-ai.com\/resource-es\",\"description\":\"Explora el mundo de la inteligencia artificial.\",\"potentialAction\":[{\"@type\":\"SearchAction\",\"target\":{\"@type\":\"EntryPoint\",\"urlTemplate\":\"https:\/\/www.pica-ai.com\/resource-es\/?s={search_term_string}\"},\"query-input\":\"required name=search_term_string\"}],\"inLanguage\":\"en-US\"},{\"@type\":\"ImageObject\",\"@id\":\"https:\/\/www.pica-ai.com\/resource-es\/image-enlarger\/#primaryimage\",\"inLanguage\":\"en-US\",\"url\":\"https:\/\/img.mbwpai.com\/www.pica-ai.com\/sites\/11\/2025\/01\/16041204\/pica-ai-image-enlarger-banner-1024x923.png\",\"contentUrl\":\"https:\/\/img.mbwpai.com\/www.pica-ai.com\/sites\/11\/2025\/01\/16041204\/pica-ai-image-enlarger-banner-1024x923.png\"},{\"@type\":[\"WebPage\",\"FAQPage\"],\"@id\":\"https:\/\/www.pica-ai.com\/resource-es\/image-enlarger\/#webpage\",\"url\":\"https:\/\/www.pica-ai.com\/resource-es\/image-enlarger\/\",\"name\":\"Ampliar imagen con IA online gratis - Aumenta tus fotos\",\"isPartOf\":{\"@id\":\"https:\/\/www.pica-ai.com\/resource-es\/#website\"},\"primaryImageOfPage\":{\"@id\":\"https:\/\/www.pica-ai.com\/resource-es\/image-enlarger\/#primaryimage\"},\"datePublished\":\"2025-01-30T14:27:55+00:00\",\"dateModified\":\"2025-11-14T07:27:51+00:00\",\"description\":\"Transforma fotos borrosas a HD con nuestra herramienta para ampliar imagen con IA. Aumenta hasta 4x sin perder calidad. \\u00a1Pru\\u00e9balo gratis!\",\"breadcrumb\":{\"@id\":\"https:\/\/www.pica-ai.com\/resource-es\/image-enlarger\/#breadcrumb\"},\"mainEntity\":[{\"@id\":\"https:\/\/www.pica-ai.com\/resource-es\/image-enlarger\/#faq-question-1720757919021\"},{\"@id\":\"https:\/\/www.pica-ai.com\/resource-es\/image-enlarger\/#faq-question-1720757948276\"}],\"inLanguage\":\"en-US\",\"potentialAction\":[{\"@type\":\"ReadAction\",\"target\":[\"https:\/\/www.pica-ai.com\/resource-es\/image-enlarger\/\"]}]},{\"@type\":\"BreadcrumbList\",\"@id\":\"https:\/\/www.pica-ai.com\/resource-es\/image-enlarger\/#breadcrumb\",\"itemListElement\":[{\"@type\":\"ListItem\",\"position\":1,\"name\":\"Blog\",\"item\":\"https:\/\/www.pica-ai.com\/resource-es\/\"},{\"@type\":\"ListItem\",\"position\":2,\"name\":\"Ampliar Imagen con IA Online Gratis\"}]},{\"@type\":\"Question\",\"@id\":\"https:\/\/www.pica-ai.com\/resource-es\/image-enlarger\/#faq-question-1720757919021\",\"position\":1,\"url\":\"https:\/\/www.pica-ai.com\/resource-es\/image-enlarger\/#faq-question-1720757919021\",\"name\":\"1. \\u00bfHasta qu\\u00e9 tama\\u00f1o puedo ampliar mis im\\u00e1genes?\",\"answerCount\":1,\"acceptedAnswer\":{\"@type\":\"Answer\",\"text\":\"Nuestra IA puede ampliar tus im\\u00e1genes hasta 4 veces su tama\\u00f1o original sin perder calidad. Por ejemplo, una imagen de 800x800 px puede ampliarse hasta 3200x3200 px. Actualmente, optimizamos im\\u00e1genes hasta resoluci\\u00f3n 4K, y estamos mejorando constantemente nuestra tecnolog\\u00eda para soportar tama\\u00f1os a\\u00fan mayores.\",\"inLanguage\":\"en-US\"},\"inLanguage\":\"en-US\"},{\"@type\":\"Question\",\"@id\":\"https:\/\/www.pica-ai.com\/resource-es\/image-enlarger\/#faq-question-1720757948276\",\"position\":2,\"url\":\"https:\/\/www.pica-ai.com\/resource-es\/image-enlarger\/#faq-question-1720757948276\",\"name\":\"2. \\u00bfEs gratuito usar la herramienta?\",\"answerCount\":1,\"acceptedAnswer\":{\"@type\":\"Answer\",\"text\":\"\\u00a1S\\u00ed! Todos los usuarios reciben 4 cr\\u00e9ditos gratuitos cada d\\u00eda, y necesitas 2 cr\\u00e9ditos para ampliar una imagen.\",\"inLanguage\":\"en-US\"},\"inLanguage\":\"en-US\"}]}<\/script>\n<!-- \/ Yoast SEO plugin. -->","yoast_head_json":{"title":"Ampliar imagen con IA online gratis - Aumenta tus fotos","description":"Transforma fotos borrosas a HD con nuestra herramienta para ampliar imagen con IA. Aumenta hasta 4x sin perder calidad. \u00a1Pru\u00e9balo gratis!","robots":{"index":"index","follow":"follow","max-snippet":"max-snippet:-1","max-image-preview":"max-image-preview:large","max-video-preview":"max-video-preview:-1"},"canonical":"https:\/\/www.pica-ai.com\/resource-es\/image-enlarger\/","og_locale":"en_US","og_type":"article","og_title":"Ampliar imagen con IA online gratis - Aumenta tus fotos","og_description":"Transforma fotos borrosas a HD con nuestra herramienta para ampliar imagen con IA. Aumenta hasta 4x sin perder calidad. \u00a1Pru\u00e9balo gratis!","og_url":"https:\/\/www.pica-ai.com\/resource-es\/image-enlarger\/","og_site_name":"www.pica-ai.com\/resource-es","article_modified_time":"2025-11-14T07:27:51+00:00","og_image":[{"url":"https:\/\/img.mbwpai.com\/www.pica-ai.com\/sites\/11\/2025\/01\/16041204\/pica-ai-image-enlarger-banner-1024x923.png"}],"twitter_card":"summary_large_image","twitter_misc":{"Est. reading time":"5 minutes"},"schema":{"@context":"https:\/\/schema.org","@graph":[{"@type":"WebSite","@id":"https:\/\/www.pica-ai.com\/resource-es\/#website","url":"https:\/\/www.pica-ai.com\/resource-es\/","name":"www.pica-ai.com\/resource-es","description":"Explora el mundo de la inteligencia artificial.","potentialAction":[{"@type":"SearchAction","target":{"@type":"EntryPoint","urlTemplate":"https:\/\/www.pica-ai.com\/resource-es\/?s={search_term_string}"},"query-input":"required name=search_term_string"}],"inLanguage":"en-US"},{"@type":"ImageObject","@id":"https:\/\/www.pica-ai.com\/resource-es\/image-enlarger\/#primaryimage","inLanguage":"en-US","url":"https:\/\/img.mbwpai.com\/www.pica-ai.com\/sites\/11\/2025\/01\/16041204\/pica-ai-image-enlarger-banner-1024x923.png","contentUrl":"https:\/\/img.mbwpai.com\/www.pica-ai.com\/sites\/11\/2025\/01\/16041204\/pica-ai-image-enlarger-banner-1024x923.png"},{"@type":["WebPage","FAQPage"],"@id":"https:\/\/www.pica-ai.com\/resource-es\/image-enlarger\/#webpage","url":"https:\/\/www.pica-ai.com\/resource-es\/image-enlarger\/","name":"Ampliar imagen con IA online gratis - Aumenta tus fotos","isPartOf":{"@id":"https:\/\/www.pica-ai.com\/resource-es\/#website"},"primaryImageOfPage":{"@id":"https:\/\/www.pica-ai.com\/resource-es\/image-enlarger\/#primaryimage"},"datePublished":"2025-01-30T14:27:55+00:00","dateModified":"2025-11-14T07:27:51+00:00","description":"Transforma fotos borrosas a HD con nuestra herramienta para ampliar imagen con IA. Aumenta hasta 4x sin perder calidad. \u00a1Pru\u00e9balo gratis!","breadcrumb":{"@id":"https:\/\/www.pica-ai.com\/resource-es\/image-enlarger\/#breadcrumb"},"mainEntity":[{"@id":"https:\/\/www.pica-ai.com\/resource-es\/image-enlarger\/#faq-question-1720757919021"},{"@id":"https:\/\/www.pica-ai.com\/resource-es\/image-enlarger\/#faq-question-1720757948276"}],"inLanguage":"en-US","potentialAction":[{"@type":"ReadAction","target":["https:\/\/www.pica-ai.com\/resource-es\/image-enlarger\/"]}]},{"@type":"BreadcrumbList","@id":"https:\/\/www.pica-ai.com\/resource-es\/image-enlarger\/#breadcrumb","itemListElement":[{"@type":"ListItem","position":1,"name":"Blog","item":"https:\/\/www.pica-ai.com\/resource-es\/"},{"@type":"ListItem","position":2,"name":"Ampliar Imagen con IA Online Gratis"}]},{"@type":"Question","@id":"https:\/\/www.pica-ai.com\/resource-es\/image-enlarger\/#faq-question-1720757919021","position":1,"url":"https:\/\/www.pica-ai.com\/resource-es\/image-enlarger\/#faq-question-1720757919021","name":"1. \u00bfHasta qu\u00e9 tama\u00f1o puedo ampliar mis im\u00e1genes?","answerCount":1,"acceptedAnswer":{"@type":"Answer","text":"Nuestra IA puede ampliar tus im\u00e1genes hasta 4 veces su tama\u00f1o original sin perder calidad. Por ejemplo, una imagen de 800x800 px puede ampliarse hasta 3200x3200 px. Actualmente, optimizamos im\u00e1genes hasta resoluci\u00f3n 4K, y estamos mejorando constantemente nuestra tecnolog\u00eda para soportar tama\u00f1os a\u00fan mayores.","inLanguage":"en-US"},"inLanguage":"en-US"},{"@type":"Question","@id":"https:\/\/www.pica-ai.com\/resource-es\/image-enlarger\/#faq-question-1720757948276","position":2,"url":"https:\/\/www.pica-ai.com\/resource-es\/image-enlarger\/#faq-question-1720757948276","name":"2. \u00bfEs gratuito usar la herramienta?","answerCount":1,"acceptedAnswer":{"@type":"Answer","text":"\u00a1S\u00ed! Todos los usuarios reciben 4 cr\u00e9ditos gratuitos cada d\u00eda, y necesitas 2 cr\u00e9ditos para ampliar una imagen.","inLanguage":"en-US"},"inLanguage":"en-US"}]}},"_links":{"self":[{"href":"https:\/\/www.pica-ai.com\/resource-es\/wp-json\/wp\/v2\/pages\/557"}],"collection":[{"href":"https:\/\/www.pica-ai.com\/resource-es\/wp-json\/wp\/v2\/pages"}],"about":[{"href":"https:\/\/www.pica-ai.com\/resource-es\/wp-json\/wp\/v2\/types\/page"}],"author":[{"embeddable":true,"href":"https:\/\/www.pica-ai.com\/resource-es\/wp-json\/wp\/v2\/users\/1"}],"replies":[{"embeddable":true,"href":"https:\/\/www.pica-ai.com\/resource-es\/wp-json\/wp\/v2\/comments?post=557"}],"version-history":[{"count":2,"href":"https:\/\/www.pica-ai.com\/resource-es\/wp-json\/wp\/v2\/pages\/557\/revisions"}],"predecessor-version":[{"id":684,"href":"https:\/\/www.pica-ai.com\/resource-es\/wp-json\/wp\/v2\/pages\/557\/revisions\/684"}],"wp:attachment":[{"href":"https:\/\/www.pica-ai.com\/resource-es\/wp-json\/wp\/v2\/media?parent=557"}],"curies":[{"name":"wp","href":"https:\/\/api.w.org\/{rel}","templated":true}]}}