{"id":635,"date":"2025-02-18T09:44:08","date_gmt":"2025-02-18T09:44:08","guid":{"rendered":"https:\/\/www.pica-ai.com\/resource-es\/?page_id=635"},"modified":"2025-11-14T07:29:13","modified_gmt":"2025-11-14T07:29:13","slug":"unpixelate-image","status":"publish","type":"page","link":"https:\/\/www.pica-ai.com\/resource-es\/unpixelate-image\/","title":{"rendered":"Arreglar Imagen Pixelada con IA"},"content":{"rendered":"\n<div class=\"wp-container-6a048fa04db88 wp-block-group whiteBg blogBox custom-bannerbg has-black-background-color has-background\"><div class=\"wp-block-group__inner-container\">\n<div class=\"wp-block-media-text alignwide has-media-on-the-right is-stacked-on-mobile txtImg\"><figure class=\"wp-block-media-text__media\"><img src=\"https:\/\/img.mbwpai.com\/www.pica-ai.com\/sites\/43\/2025\/02\/14072620\/unpixelate-image-banner-pica.png\" alt=\"\" class=\"wp-image-676 size-full\"\/><\/figure><div class=\"wp-block-media-text__content\">\n<h1 class=\"has-text-align-left wp-block-heading has-white-color has-text-color\">Arreglar Imagen Pixelada con IA<\/h1>\n\n\n\n<p class=\"has-text-align-left has-white-color has-text-color\">Elimina la pixelaci\u00f3n de tus im\u00e1genes y transf\u00f3rmalas en fotos n\u00edtidas de alta calidad mediante tecnolog\u00eda de IA.<\/p>\n\n\n\n<div class=\"wp-container-6a048fa04da46 wp-block-group\"><div class=\"wp-block-group__inner-container\">\n<div class=\"wp-container-6a048fa04da11 wp-block-group\"><div class=\"wp-block-group__inner-container\">\n<div class=\"wp-block-buttons is-content-justification-left btnBox\">\n<div class=\"wp-block-button\"><a class=\"wp-block-button__link\" href=\"https:\/\/www.artguru.ai\/es\/image-enhancer\/unpixelate-image\/\">Arreglar Imagen Pixelada \u00a1Ahora!<\/a><\/div>\n<\/div>\n<\/div><\/div>\n<style>.wp-container-6a048fa04da11 .alignleft { float: left; margin-right: 2em; }.wp-container-6a048fa04da11 .alignright { float: right; margin-left: 2em; }<\/style><\/div><\/div>\n<style>.wp-container-6a048fa04da46 .alignleft { float: left; margin-right: 2em; }.wp-container-6a048fa04da46 .alignright { float: right; margin-left: 2em; }<\/style><\/div><\/div>\n\n\n\n<div class=\"wp-block-columns alignfull customizeList listBox has-white-color has-text-color\">\n<div class=\"wp-block-column has-background\" style=\"background-color:#282a37\">\n<h5 class=\"wp-block-heading has-white-color has-text-color\"><img class=\"wp-image-28\" style=\"width: 24px\" src=\"https:\/\/img.mbwpai.com\/www.pica-ai.com\/sites\/43\/2025\/02\/07161442\/fast-pica-icon.png\" alt=\"\"> <strong>Simple y R\u00e1pido<\/strong><\/h5>\n\n\n\n<p>Sube y restaura tus im\u00e1genes en solo 15 segundos &#8211; sin configuraciones complicadas.<\/p>\n<\/div>\n\n\n\n<div class=\"wp-block-column has-background\" style=\"background-color:#282a37\">\n<h5 class=\"wp-block-heading has-white-color has-text-color\"><img class=\"wp-image-26\" style=\"width: 24px\" src=\"https:\/\/img.mbwpai.com\/www.pica-ai.com\/sites\/43\/2023\/05\/07161247\/icon1.png\" alt=\"\"> <strong>Procesamiento M\u00faltiple<\/strong><\/h5>\n\n\n\n<p>Mejora varias im\u00e1genes pixeladas simult\u00e1neamente &#8211; procesa hasta 20 im\u00e1genes y ahorra tiempo.<\/p>\n<\/div>\n\n\n\n<div class=\"wp-block-column has-background\" style=\"background-color:#282a37\">\n<h5 class=\"wp-block-heading has-white-color has-text-color\"><img class=\"wp-image-27\" style=\"width: 24px\" src=\"https:\/\/img.mbwpai.com\/www.pica-ai.com\/sites\/43\/2023\/05\/07161248\/icon2.png\" alt=\"\"> <strong>Compatible con todo Formato<\/strong><\/h5>\n\n\n\n<p>Restaura con eficacia fotos, capturas de pantalla, ilustraciones y todo tipo de im\u00e1genes digitales.<\/p>\n<\/div>\n\n\n\n<div class=\"wp-block-column has-background\" style=\"background-color:#282a37\">\n<h5 class=\"wp-block-heading has-white-color has-text-color\"><img class=\"wp-image-29\" style=\"width: 24px\" src=\"https:\/\/img.mbwpai.com\/www.pica-ai.com\/sites\/43\/2023\/05\/07161248\/icon4.png\" alt=\"\"><strong>Prueba Gratuita<\/strong><\/h5>\n\n\n\n<p>Prueba nuestra herramienta de restauraci\u00f3n con cualquier imagen &#8211; sin necesidad de registro ni tarjeta de cr\u00e9dito.<\/p>\n<\/div>\n<\/div>\n<\/div><\/div>\n<style>.wp-container-6a048fa04db88 .alignleft { float: left; margin-right: 2em; }.wp-container-6a048fa04db88 .alignright { float: right; margin-left: 2em; }<\/style>\n\n\n<div class=\"wp-block-media-text alignwide has-media-on-the-right is-stacked-on-mobile whiteBg txtImg\"><figure class=\"wp-block-media-text__media\"><img loading=\"lazy\" width=\"546\" height=\"408\" src=\"https:\/\/img.mbwpai.com\/www.pica-ai.com\/sites\/43\/2024\/12\/07161401\/upscale-photo-pica.png\" alt=\"\" class=\"wp-image-349 size-full\" srcset=\"https:\/\/img.mbwpai.com\/www.pica-ai.com\/sites\/41\/2024\/12\/07081218\/upscale-photo-pica.png 546w, https:\/\/img.mbwpai.com\/www.pica-ai.com\/sites\/41\/2024\/12\/07081218\/upscale-photo-pica-300x224.png 300w\" sizes=\"(max-width: 546px) 100vw, 546px\" \/><\/figure><div class=\"wp-block-media-text__content\">\n<h2 class=\"has-text-align-left wp-block-heading\">La Forma M\u00e1s Sencilla de Mejorar Im\u00e1genes Pixeladas en L\u00ednea<\/h2>\n\n\n\n<p class=\"has-text-align-left\">Olv\u00eddate del software costoso y la edici\u00f3n fotogr\u00e1fica compleja. Nuestra herramienta en l\u00ednea de restauraci\u00f3n de im\u00e1genes hace que el mejoramiento profesional sea accesible para todos. Solo tienes que subir tu imagen pixelada y nuestra IA determinar\u00e1 autom\u00e1ticamente los mejores par\u00e1metros para restaurar la nitidez. Podr\u00e1s comparar instant\u00e1neamente<\/p>\n\n\n\n<div class=\"wp-block-buttons is-content-justification-left btnBox\">\n<div class=\"wp-block-button\"><a class=\"wp-block-button__link\" href=\"https:\/\/www.artguru.ai\/es\/image-enhancer\/unpixelate-image\/\">Arreglar Imagen Pixelada \u00a1Ahora!<\/a><\/div>\n<\/div>\n<\/div><\/div>\n\n\n\n<div class=\"wp-block-media-text alignwide is-stacked-on-mobile whiteBg space column-reverse\"><figure class=\"wp-block-media-text__media\"><img src=\"https:\/\/img.mbwpai.com\/www.pica-ai.com\/sites\/43\/2025\/02\/07161442\/digital-art-enhance-pica.png\" alt=\"\" class=\"wp-image-609 size-full\"\/><\/figure><div class=\"wp-block-media-text__content\">\n<h2 class=\"has-text-align-left wp-block-heading\">Recupera Los Detalles de Tus Im\u00e1genes Pixeladas con IA<\/h2>\n\n\n\n<p class=\"has-text-align-left\">Al ampliar fotos o trabajar con im\u00e1genes comprimidas, suelen aparecer bloques de p\u00edxeles que crean bordes irregulares y detalles difusos. El optimizador de fotos de Pica AI utiliza procesamiento inteligente para eliminar estos defectos visuales. Nuestra tecnolog\u00eda de IA suaviza los p\u00edxeles visibles y conserva los detalles originales, generando una versi\u00f3n m\u00e1s n\u00edtida y refinada de tu foto. Ya sea para mejorar im\u00e1genes de redes sociales ligeramente pixeladas, fotos comprimidas o im\u00e1genes de baja resoluci\u00f3n, nuestra herramienta reduce las imperfecciones visibles y mejora la nitidez general, siempre manteniendo un resultado natural.<\/p>\n\n\n\n<div class=\"wp-block-buttons is-content-justification-left btnBox\">\n<div class=\"wp-block-button\"><a class=\"wp-block-button__link\" href=\"https:\/\/www.artguru.ai\/es\/image-enhancer\/unpixelate-image\/\">Arreglar Imagen Pixelada \u00a1Ahora!<\/a><\/div>\n<\/div>\n<\/div><\/div>\n\n\n\n<div class=\"wp-container-6a048fa04dd41 wp-block-group faqBox has-background\" style=\"background-color:#f2f4f5\"><div class=\"wp-block-group__inner-container\">\n<h2 class=\"wp-block-heading\">Preguntas Frecuentes Sobre Arreglar Imagen Pixelada<\/h2>\n\n\n\n<div class=\"schema-faq wp-block-yoast-faq-block\"><div class=\"schema-faq-section\" id=\"faq-question-1720757948276\"><strong class=\"schema-faq-question\"><strong>\u00bfCu\u00e1l es la eficacia de la IA para restaurar im\u00e1genes pixeladas?<\/strong><\/strong> <p class=\"schema-faq-answer\">Los resultados dependen de la imagen original. Nuestra tecnolog\u00eda de IA puede mejorar considerablemente muchas im\u00e1genes pixeladas reconstruyendo detalles y reduciendo la pixelaci\u00f3n, sin embargo, las im\u00e1genes de muy baja calidad o con pixelaci\u00f3n extrema pueden tener limitaciones en su restauraci\u00f3n.<\/p> <\/div> <div class=\"schema-faq-section\" id=\"faq-question-1738914525182\"><strong class=\"schema-faq-question\">\u00bfLa imagen sin pixelar se ver\u00e1 natural?<\/strong> <p class=\"schema-faq-answer\">Nuestra IA est\u00e1 dise\u00f1ada para mantener un aspecto natural mientras mejora la calidad de la imagen. Los resultados suelen verse muy naturales en im\u00e1genes con pixelaci\u00f3n moderada, especialmente en fotograf\u00edas y retratos.<\/p> <\/div> <\/div>\n\n\n\n<p><\/p>\n<\/div><\/div>\n<style>.wp-container-6a048fa04dd41 .alignleft { float: left; margin-right: 2em; }.wp-container-6a048fa04dd41 .alignright { float: right; margin-left: 2em; }<\/style>\n\n\n<div class=\"wp-container-6a048fa04de6c wp-block-group alignfull has-white-color has-white-background-color has-text-color has-background\"><div class=\"wp-block-group__inner-container\">\n<h2 class=\"has-text-align-center wp-block-heading flex-row has-black-color has-text-color\">Explora M\u00e1s Herramientas de IA<\/h2>\n\n\n\n<div class=\"wp-block-columns alignfull customizeList custom-nomargin has-white-color has-white-background-color has-text-color has-background\">\n<div class=\"wp-block-column\">\n<figure class=\"wp-block-image size-large\"><img src=\"https:\/\/img.mbwpai.com\/www.pica-ai.com\/sites\/43\/2024\/10\/07161355\/pica-photo-enhancer-banner.png\" alt=\"\"\/><\/figure>\n\n\n\n<p class=\"has-text-align-left wp-block-heading has-black-color has-text-color\"><strong><a href=\"https:\/\/www.pica-ai.com\/es\/photo-enhancer\/\">Mejorar Calidad de Imagen con IA<\/a><\/strong><\/p>\n<\/div>\n\n\n\n<div class=\"wp-block-column\">\n<figure class=\"wp-block-image size-large\"><img src=\"https:\/\/img.mbwpai.com\/www.pica-ai.com\/sites\/43\/2024\/10\/07161357\/pica-ai-face-swap-banner.png\" alt=\"\"\/><\/figure>\n\n\n\n<p class=\"has-text-align-left wp-block-heading has-black-color has-text-color\"><a href=\"https:\/\/www.pica-ai.com\/es\/face-swap\/\" target=\"_blank\" rel=\"noreferrer noopener\"><strong>Cambia<\/strong><\/a><strong><a href=\"https:\/\/www.pica-ai.com\/es\/face-swap\/\" target=\"_blank\" rel=\"noreferrer noopener\">r<\/a><\/strong><a href=\"https:\/\/www.pica-ai.com\/es\/face-swap\/\" target=\"_blank\" rel=\"noreferrer noopener\"><strong> Caras<\/strong><\/a><\/p>\n<\/div>\n\n\n\n<div class=\"wp-block-column\">\n<figure class=\"wp-block-image size-large\"><img src=\"https:\/\/img.mbwpai.com\/www.pica-ai.com\/sites\/43\/2024\/10\/07161359\/pica-headshot-banner.png\" alt=\"\"\/><\/figure>\n\n\n\n<p class=\"has-text-align-left wp-block-heading has-black-color has-text-color\"><strong><a href=\"https:\/\/www.pica-ai.com\/es\/ai-headshot-generator\/\">Generador de Fotos Profesionales con IA<\/a><\/strong><\/p>\n<\/div>\n<\/div>\n<\/div><\/div>\n<style>.wp-container-6a048fa04de6c .alignleft { float: left; margin-right: 2em; }.wp-container-6a048fa04de6c .alignright { float: right; margin-left: 2em; }<\/style>\n\n\n<p><\/p>\n","protected":false},"excerpt":{"rendered":"<p>Arreglar Imagen Pixelada con IA Elimina la pixelaci\u00f3n de tus im\u00e1genes y transf\u00f3rmalas en fotos n\u00edtidas de alta calidad mediante tecnolog\u00eda de IA. Simple y R\u00e1pido Sube y restaura tus im\u00e1genes en solo 15 segundos &#8211; sin configuraciones complicadas. Procesamiento M\u00faltiple Mejora varias im\u00e1genes pixeladas simult\u00e1neamente &#8211; procesa hasta 20 im\u00e1genes y ahorra tiempo. Compatible [&hellip;]<\/p>\n","protected":false},"author":3,"featured_media":0,"parent":0,"menu_order":0,"comment_status":"closed","ping_status":"closed","template":"customPage.php","meta":[],"yoast_head":"<!-- This site is optimized with the Yoast SEO plugin v17.4 - https:\/\/yoast.com\/wordpress\/plugins\/seo\/ -->\n<title>Arreglar Imagen Pixelada con IA - Removedor de P\u00edxeles de Im\u00e1genes<\/title>\n<meta name=\"description\" content=\"Convierte tus arreglar imagen pixelada en fotos de alta calidad al instante con nuestra herramienta gratuita en l\u00ednea. \u00a1Pru\u00e9bala ahora!\" \/>\n<meta name=\"robots\" content=\"index, follow, max-snippet:-1, max-image-preview:large, max-video-preview:-1\" \/>\n<link rel=\"canonical\" href=\"https:\/\/www.pica-ai.com\/resource-es\/unpixelate-image\/\" \/>\n<meta property=\"og:locale\" content=\"en_US\" \/>\n<meta property=\"og:type\" content=\"article\" \/>\n<meta property=\"og:title\" content=\"Arreglar Imagen Pixelada con IA - Removedor de P\u00edxeles de Im\u00e1genes\" \/>\n<meta property=\"og:description\" content=\"Convierte tus arreglar imagen pixelada en fotos de alta calidad al instante con nuestra herramienta gratuita en l\u00ednea. \u00a1Pru\u00e9bala ahora!\" \/>\n<meta property=\"og:url\" content=\"https:\/\/www.pica-ai.com\/resource-es\/unpixelate-image\/\" \/>\n<meta property=\"og:site_name\" content=\"www.pica-ai.com\/resource-es\" \/>\n<meta property=\"article:modified_time\" content=\"2025-11-14T07:29:13+00:00\" \/>\n<meta property=\"og:image\" content=\"https:\/\/img.mbwpai.com\/www.pica-ai.com\/sites\/43\/2025\/02\/14072620\/unpixelate-image-banner-pica.png\" \/>\n<meta name=\"twitter:card\" content=\"summary_large_image\" \/>\n<meta name=\"twitter:label1\" content=\"Est. reading time\" \/>\n\t<meta name=\"twitter:data1\" content=\"4 minutes\" \/>\n<script type=\"application\/ld+json\" class=\"yoast-schema-graph\">{\"@context\":\"https:\/\/schema.org\",\"@graph\":[{\"@type\":\"WebSite\",\"@id\":\"https:\/\/www.pica-ai.com\/resource-es\/#website\",\"url\":\"https:\/\/www.pica-ai.com\/resource-es\/\",\"name\":\"www.pica-ai.com\/resource-es\",\"description\":\"Explora el mundo de la inteligencia artificial.\",\"potentialAction\":[{\"@type\":\"SearchAction\",\"target\":{\"@type\":\"EntryPoint\",\"urlTemplate\":\"https:\/\/www.pica-ai.com\/resource-es\/?s={search_term_string}\"},\"query-input\":\"required name=search_term_string\"}],\"inLanguage\":\"en-US\"},{\"@type\":\"ImageObject\",\"@id\":\"https:\/\/www.pica-ai.com\/resource-es\/unpixelate-image\/#primaryimage\",\"inLanguage\":\"en-US\",\"url\":\"https:\/\/img.mbwpai.com\/www.pica-ai.com\/sites\/43\/2025\/02\/14072620\/unpixelate-image-banner-pica.png\",\"contentUrl\":\"https:\/\/img.mbwpai.com\/www.pica-ai.com\/sites\/43\/2025\/02\/14072620\/unpixelate-image-banner-pica.png\"},{\"@type\":[\"WebPage\",\"FAQPage\"],\"@id\":\"https:\/\/www.pica-ai.com\/resource-es\/unpixelate-image\/#webpage\",\"url\":\"https:\/\/www.pica-ai.com\/resource-es\/unpixelate-image\/\",\"name\":\"Arreglar Imagen Pixelada con IA - Removedor de P\\u00edxeles de Im\\u00e1genes\",\"isPartOf\":{\"@id\":\"https:\/\/www.pica-ai.com\/resource-es\/#website\"},\"primaryImageOfPage\":{\"@id\":\"https:\/\/www.pica-ai.com\/resource-es\/unpixelate-image\/#primaryimage\"},\"datePublished\":\"2025-02-18T09:44:08+00:00\",\"dateModified\":\"2025-11-14T07:29:13+00:00\",\"description\":\"Convierte tus arreglar imagen pixelada en fotos de alta calidad al instante con nuestra herramienta gratuita en l\\u00ednea. \\u00a1Pru\\u00e9bala ahora!\",\"breadcrumb\":{\"@id\":\"https:\/\/www.pica-ai.com\/resource-es\/unpixelate-image\/#breadcrumb\"},\"mainEntity\":[{\"@id\":\"https:\/\/www.pica-ai.com\/resource-es\/unpixelate-image\/#faq-question-1720757948276\"},{\"@id\":\"https:\/\/www.pica-ai.com\/resource-es\/unpixelate-image\/#faq-question-1738914525182\"}],\"inLanguage\":\"en-US\",\"potentialAction\":[{\"@type\":\"ReadAction\",\"target\":[\"https:\/\/www.pica-ai.com\/resource-es\/unpixelate-image\/\"]}]},{\"@type\":\"BreadcrumbList\",\"@id\":\"https:\/\/www.pica-ai.com\/resource-es\/unpixelate-image\/#breadcrumb\",\"itemListElement\":[{\"@type\":\"ListItem\",\"position\":1,\"name\":\"Blog\",\"item\":\"https:\/\/www.pica-ai.com\/resource-es\/\"},{\"@type\":\"ListItem\",\"position\":2,\"name\":\"Arreglar Imagen Pixelada con IA\"}]},{\"@type\":\"Question\",\"@id\":\"https:\/\/www.pica-ai.com\/resource-es\/unpixelate-image\/#faq-question-1720757948276\",\"position\":1,\"url\":\"https:\/\/www.pica-ai.com\/resource-es\/unpixelate-image\/#faq-question-1720757948276\",\"name\":\"\\u00bfCu\\u00e1l es la eficacia de la IA para restaurar im\\u00e1genes pixeladas?\",\"answerCount\":1,\"acceptedAnswer\":{\"@type\":\"Answer\",\"text\":\"Los resultados dependen de la imagen original. Nuestra tecnolog\\u00eda de IA puede mejorar considerablemente muchas im\\u00e1genes pixeladas reconstruyendo detalles y reduciendo la pixelaci\\u00f3n, sin embargo, las im\\u00e1genes de muy baja calidad o con pixelaci\\u00f3n extrema pueden tener limitaciones en su restauraci\\u00f3n.\",\"inLanguage\":\"en-US\"},\"inLanguage\":\"en-US\"},{\"@type\":\"Question\",\"@id\":\"https:\/\/www.pica-ai.com\/resource-es\/unpixelate-image\/#faq-question-1738914525182\",\"position\":2,\"url\":\"https:\/\/www.pica-ai.com\/resource-es\/unpixelate-image\/#faq-question-1738914525182\",\"name\":\"\\u00bfLa imagen sin pixelar se ver\\u00e1 natural?\",\"answerCount\":1,\"acceptedAnswer\":{\"@type\":\"Answer\",\"text\":\"Nuestra IA est\\u00e1 dise\\u00f1ada para mantener un aspecto natural mientras mejora la calidad de la imagen. Los resultados suelen verse muy naturales en im\\u00e1genes con pixelaci\\u00f3n moderada, especialmente en fotograf\\u00edas y retratos.\",\"inLanguage\":\"en-US\"},\"inLanguage\":\"en-US\"}]}<\/script>\n<!-- \/ Yoast SEO plugin. -->","yoast_head_json":{"title":"Arreglar Imagen Pixelada con IA - Removedor de P\u00edxeles de Im\u00e1genes","description":"Convierte tus arreglar imagen pixelada en fotos de alta calidad al instante con nuestra herramienta gratuita en l\u00ednea. \u00a1Pru\u00e9bala ahora!","robots":{"index":"index","follow":"follow","max-snippet":"max-snippet:-1","max-image-preview":"max-image-preview:large","max-video-preview":"max-video-preview:-1"},"canonical":"https:\/\/www.pica-ai.com\/resource-es\/unpixelate-image\/","og_locale":"en_US","og_type":"article","og_title":"Arreglar Imagen Pixelada con IA - Removedor de P\u00edxeles de Im\u00e1genes","og_description":"Convierte tus arreglar imagen pixelada en fotos de alta calidad al instante con nuestra herramienta gratuita en l\u00ednea. \u00a1Pru\u00e9bala ahora!","og_url":"https:\/\/www.pica-ai.com\/resource-es\/unpixelate-image\/","og_site_name":"www.pica-ai.com\/resource-es","article_modified_time":"2025-11-14T07:29:13+00:00","og_image":[{"url":"https:\/\/img.mbwpai.com\/www.pica-ai.com\/sites\/43\/2025\/02\/14072620\/unpixelate-image-banner-pica.png"}],"twitter_card":"summary_large_image","twitter_misc":{"Est. reading time":"4 minutes"},"schema":{"@context":"https:\/\/schema.org","@graph":[{"@type":"WebSite","@id":"https:\/\/www.pica-ai.com\/resource-es\/#website","url":"https:\/\/www.pica-ai.com\/resource-es\/","name":"www.pica-ai.com\/resource-es","description":"Explora el mundo de la inteligencia artificial.","potentialAction":[{"@type":"SearchAction","target":{"@type":"EntryPoint","urlTemplate":"https:\/\/www.pica-ai.com\/resource-es\/?s={search_term_string}"},"query-input":"required name=search_term_string"}],"inLanguage":"en-US"},{"@type":"ImageObject","@id":"https:\/\/www.pica-ai.com\/resource-es\/unpixelate-image\/#primaryimage","inLanguage":"en-US","url":"https:\/\/img.mbwpai.com\/www.pica-ai.com\/sites\/43\/2025\/02\/14072620\/unpixelate-image-banner-pica.png","contentUrl":"https:\/\/img.mbwpai.com\/www.pica-ai.com\/sites\/43\/2025\/02\/14072620\/unpixelate-image-banner-pica.png"},{"@type":["WebPage","FAQPage"],"@id":"https:\/\/www.pica-ai.com\/resource-es\/unpixelate-image\/#webpage","url":"https:\/\/www.pica-ai.com\/resource-es\/unpixelate-image\/","name":"Arreglar Imagen Pixelada con IA - Removedor de P\u00edxeles de Im\u00e1genes","isPartOf":{"@id":"https:\/\/www.pica-ai.com\/resource-es\/#website"},"primaryImageOfPage":{"@id":"https:\/\/www.pica-ai.com\/resource-es\/unpixelate-image\/#primaryimage"},"datePublished":"2025-02-18T09:44:08+00:00","dateModified":"2025-11-14T07:29:13+00:00","description":"Convierte tus arreglar imagen pixelada en fotos de alta calidad al instante con nuestra herramienta gratuita en l\u00ednea. \u00a1Pru\u00e9bala ahora!","breadcrumb":{"@id":"https:\/\/www.pica-ai.com\/resource-es\/unpixelate-image\/#breadcrumb"},"mainEntity":[{"@id":"https:\/\/www.pica-ai.com\/resource-es\/unpixelate-image\/#faq-question-1720757948276"},{"@id":"https:\/\/www.pica-ai.com\/resource-es\/unpixelate-image\/#faq-question-1738914525182"}],"inLanguage":"en-US","potentialAction":[{"@type":"ReadAction","target":["https:\/\/www.pica-ai.com\/resource-es\/unpixelate-image\/"]}]},{"@type":"BreadcrumbList","@id":"https:\/\/www.pica-ai.com\/resource-es\/unpixelate-image\/#breadcrumb","itemListElement":[{"@type":"ListItem","position":1,"name":"Blog","item":"https:\/\/www.pica-ai.com\/resource-es\/"},{"@type":"ListItem","position":2,"name":"Arreglar Imagen Pixelada con IA"}]},{"@type":"Question","@id":"https:\/\/www.pica-ai.com\/resource-es\/unpixelate-image\/#faq-question-1720757948276","position":1,"url":"https:\/\/www.pica-ai.com\/resource-es\/unpixelate-image\/#faq-question-1720757948276","name":"\u00bfCu\u00e1l es la eficacia de la IA para restaurar im\u00e1genes pixeladas?","answerCount":1,"acceptedAnswer":{"@type":"Answer","text":"Los resultados dependen de la imagen original. Nuestra tecnolog\u00eda de IA puede mejorar considerablemente muchas im\u00e1genes pixeladas reconstruyendo detalles y reduciendo la pixelaci\u00f3n, sin embargo, las im\u00e1genes de muy baja calidad o con pixelaci\u00f3n extrema pueden tener limitaciones en su restauraci\u00f3n.","inLanguage":"en-US"},"inLanguage":"en-US"},{"@type":"Question","@id":"https:\/\/www.pica-ai.com\/resource-es\/unpixelate-image\/#faq-question-1738914525182","position":2,"url":"https:\/\/www.pica-ai.com\/resource-es\/unpixelate-image\/#faq-question-1738914525182","name":"\u00bfLa imagen sin pixelar se ver\u00e1 natural?","answerCount":1,"acceptedAnswer":{"@type":"Answer","text":"Nuestra IA est\u00e1 dise\u00f1ada para mantener un aspecto natural mientras mejora la calidad de la imagen. Los resultados suelen verse muy naturales en im\u00e1genes con pixelaci\u00f3n moderada, especialmente en fotograf\u00edas y retratos.","inLanguage":"en-US"},"inLanguage":"en-US"}]}},"_links":{"self":[{"href":"https:\/\/www.pica-ai.com\/resource-es\/wp-json\/wp\/v2\/pages\/635"}],"collection":[{"href":"https:\/\/www.pica-ai.com\/resource-es\/wp-json\/wp\/v2\/pages"}],"about":[{"href":"https:\/\/www.pica-ai.com\/resource-es\/wp-json\/wp\/v2\/types\/page"}],"author":[{"embeddable":true,"href":"https:\/\/www.pica-ai.com\/resource-es\/wp-json\/wp\/v2\/users\/3"}],"replies":[{"embeddable":true,"href":"https:\/\/www.pica-ai.com\/resource-es\/wp-json\/wp\/v2\/comments?post=635"}],"version-history":[{"count":3,"href":"https:\/\/www.pica-ai.com\/resource-es\/wp-json\/wp\/v2\/pages\/635\/revisions"}],"predecessor-version":[{"id":686,"href":"https:\/\/www.pica-ai.com\/resource-es\/wp-json\/wp\/v2\/pages\/635\/revisions\/686"}],"wp:attachment":[{"href":"https:\/\/www.pica-ai.com\/resource-es\/wp-json\/wp\/v2\/media?parent=635"}],"curies":[{"name":"wp","href":"https:\/\/api.w.org\/{rel}","templated":true}]}}