{"id":649,"date":"2025-03-20T14:18:55","date_gmt":"2025-03-20T14:18:55","guid":{"rendered":"https:\/\/www.pica-ai.com\/resource-es\/?page_id=649"},"modified":"2025-11-14T07:34:55","modified_gmt":"2025-11-14T07:34:55","slug":"gender-swap","status":"publish","type":"page","link":"https:\/\/www.pica-ai.com\/resource-es\/gender-swap\/","title":{"rendered":"Intercambio de G\u00e9nero Online Gratis con IA"},"content":{"rendered":"\n<div class=\"wp-container-6a08ecfd97f9f wp-block-group whiteBg blogBox custom-bannerbg has-black-background-color has-background\"><div class=\"wp-block-group__inner-container\">\n<div class=\"wp-block-media-text alignwide has-media-on-the-right is-stacked-on-mobile txtImg\"><figure class=\"wp-block-media-text__media\"><img src=\"https:\/\/img.mbwpai.com\/www.pica-ai.com\/sites\/43\/2025\/03\/19053800\/pica-ai-gender-swap-eg1.png\" alt=\"AI Gender Swap\" class=\"wp-image-853 size-full\"\/><\/figure><div class=\"wp-block-media-text__content\">\n<h1 class=\"has-text-align-left wp-block-heading has-white-color has-text-color\">Intercambio de G\u00e9nero Online Gratis con IA<\/h1>\n\n\n\n<p class=\"has-text-align-left has-white-color has-text-color\">Transforma el g\u00e9nero en fotos individuales, grupales y videos con inteligencia artificial. \u00a1Ideal para tendencias en redes sociales, hacer bromas divertidas y dar rienda suelta a tu creatividad!<\/p>\n\n\n\n<div class=\"wp-container-6a08ecfd97ebe wp-block-group\"><div class=\"wp-block-group__inner-container\">\n<div class=\"wp-container-6a08ecfd97e97 wp-block-group\"><div class=\"wp-block-group__inner-container\">\n<div class=\"wp-block-buttons is-content-justification-left btnBox\">\n<div class=\"wp-block-button\"><a class=\"wp-block-button__link\" href=\"https:\/\/www.pica-ai.com\/es\/face-swap\/\">\u00a1Prueba el Cambio de G\u00e9nero Ahora!<\/a><\/div>\n<\/div>\n<\/div><\/div>\n<style>.wp-container-6a08ecfd97e97 .alignleft { float: left; margin-right: 2em; }.wp-container-6a08ecfd97e97 .alignright { float: right; margin-left: 2em; }<\/style><\/div><\/div>\n<style>.wp-container-6a08ecfd97ebe .alignleft { float: left; margin-right: 2em; }.wp-container-6a08ecfd97ebe .alignright { float: right; margin-left: 2em; }<\/style><\/div><\/div>\n\n\n\n<div class=\"wp-block-columns alignfull customizeList listBox has-white-color has-text-color\">\n<div class=\"wp-block-column has-background\" style=\"background-color:#282a37\">\n<h5 class=\"has-text-align-left wp-block-heading has-white-color has-text-color\"><img class=\"wp-image-28\" style=\"width: 24px\" src=\"https:\/\/img.mbwpai.com\/www.pica-ai.com\/sites\/43\/2025\/02\/07161442\/fast-pica-icon.png\" alt=\"\"> <strong>R\u00e1pido y Sencillo<\/strong><\/h5>\n\n\n\n<p>Consigue el cambio de g\u00e9nero en menos de 10 segundos. No necesitas experiencia en edici\u00f3n.<\/p>\n<\/div>\n\n\n\n<div class=\"wp-block-column has-background\" style=\"background-color:#282a37\">\n<h5 class=\"has-text-align-left wp-block-heading has-white-color has-text-color\"><img class=\"wp-image-26\" style=\"width: 24px\" src=\"https:\/\/img.mbwpai.com\/www.pica-ai.com\/sites\/43\/2023\/05\/07161247\/icon1.png\" alt=\"\"><strong>Procesamiento M\u00faltiple<\/strong><\/h5>\n\n\n\n<p>Transforma el g\u00e9nero de 1 a 5 personas en una misma foto o video. \u00a1Perfecto para parejas o memes grupales!<\/p>\n<\/div>\n\n\n\n<div class=\"wp-block-column has-background\" style=\"background-color:#282a37\">\n<h5 class=\"has-text-align-left wp-block-heading has-white-color has-text-color\"><img class=\"wp-image-29\" style=\"width: 24px\" src=\"https:\/\/img.mbwpai.com\/www.pica-ai.com\/sites\/43\/2023\/05\/07161248\/icon4.png\" alt=\"\"><strong>Cambio de G\u00e9nero en Videos<\/strong><\/h5>\n\n\n\n<p>Transforma el g\u00e9nero en videos, no solo en fotos. Hazte viral m\u00e1s r\u00e1pido en TikTok e Instagram.<\/p>\n<\/div>\n\n\n\n<div class=\"wp-block-column has-background\" style=\"background-color:#282a37\">\n<h5 class=\"has-text-align-left wp-block-heading has-white-color has-text-color\"><img class=\"wp-image-27\" style=\"width: 24px\" src=\"https:\/\/img.mbwpai.com\/www.pica-ai.com\/sites\/43\/2023\/05\/07161248\/icon2.png\" alt=\"\"> <strong>Protecci\u00f3n de Privacidad<\/strong><\/h5>\n\n\n\n<p>Los archivos de invitados se borran autom\u00e1ticamente en 24 horas. Los usuarios registrados mantienen el control total de sus datos.<\/p>\n<\/div>\n<\/div>\n<\/div><\/div>\n<style>.wp-container-6a08ecfd97f9f .alignleft { float: left; margin-right: 2em; }.wp-container-6a08ecfd97f9f .alignright { float: right; margin-left: 2em; }<\/style>\n\n\n<div class=\"wp-container-6a08ecfd98146 wp-block-group custom-main-btn custon-how-use has-white-background-color has-background\"><div class=\"wp-block-group__inner-container\">\n<h2 class=\"has-text-align-center wp-block-heading\">C\u00f3mo Hacer Cambios de G\u00e9nero con IA<\/h2>\n\n\n\n<div class=\"wp-block-columns\">\n<div class=\"wp-block-column\">\n<figure class=\"wp-block-image size-full\"><img src=\"https:\/\/img.mbwpai.com\/www.pica-ai.com\/sites\/43\/2025\/03\/19013838\/pica-ai-face-swap-step1.png\" alt=\"\" class=\"wp-image-837\"\/><\/figure>\n\n\n\n<div class=\"wp-container-6a08ecfd98031 wp-block-group\"><div class=\"wp-block-group__inner-container\">\n<h5 class=\"has-text-align-left wp-block-heading\"><strong>01 <\/strong><\/h5>\n\n\n\n<h5 class=\"has-text-align-left wp-block-heading\"><strong><strong><strong>Carga tu foto o video<\/strong><\/strong><\/strong><\/h5>\n\n\n\n<p>Sube una foto o video (JPG\/PNG\/MP4) con 1 a 5 caras. Pica AI detecta autom\u00e1ticamente todos los rostros\u2014no necesitas recortar nada.<\/p>\n<\/div><\/div>\n<style>.wp-container-6a08ecfd98031 .alignleft { float: left; margin-right: 2em; }.wp-container-6a08ecfd98031 .alignright { float: right; margin-left: 2em; }<\/style><\/div>\n\n\n\n<div class=\"wp-block-column\">\n<figure class=\"wp-block-image size-full\"><img src=\"https:\/\/img.mbwpai.com\/www.pica-ai.com\/sites\/43\/2025\/03\/19013815\/pica-ai-face-swap-step2.png\" alt=\"\" class=\"wp-image-834\"\/><\/figure>\n\n\n\n<div class=\"wp-container-6a08ecfd98093 wp-block-group\"><div class=\"wp-block-group__inner-container\">\n<h5 class=\"has-text-align-left wp-block-heading\"><strong>02 <\/strong><\/h5>\n\n\n\n<h5 class=\"has-text-align-left wp-block-heading\"><strong><strong><strong><strong>Selecciona las caras a transformar<\/strong><\/strong><\/strong><\/strong><\/h5>\n\n\n\n<p>Carga 1 foto (para cambios individuales) o hasta 5 fotos (para grupos). Cada persona en tu imagen original tendr\u00e1 su propia versi\u00f3n con g\u00e9nero cambiado.<\/p>\n<\/div><\/div>\n<style>.wp-container-6a08ecfd98093 .alignleft { float: left; margin-right: 2em; }.wp-container-6a08ecfd98093 .alignright { float: right; margin-left: 2em; }<\/style><\/div>\n\n\n\n<div class=\"wp-block-column\">\n<figure class=\"wp-block-image size-full\"><img src=\"https:\/\/img.mbwpai.com\/www.pica-ai.com\/sites\/43\/2025\/03\/19013819\/pica-ai-face-swap-step3.png\" alt=\"\" class=\"wp-image-835\"\/><\/figure>\n\n\n\n<div class=\"wp-container-6a08ecfd980f3 wp-block-group\"><div class=\"wp-block-group__inner-container\">\n<h5 class=\"has-text-align-left wp-block-heading\"><strong>03 <\/strong><\/h5>\n\n\n\n<h5 class=\"has-text-align-left wp-block-heading\"><strong><strong><strong>Visualiza y descarga<\/strong><\/strong><\/strong><\/h5>\n\n\n\n<p>Haz clic en &#8220;Transformar&#8221; y obt\u00e9n resultados en alta definici\u00f3n al instante. Descarga tu nueva imagen con un solo clic.<\/p>\n<\/div><\/div>\n<style>.wp-container-6a08ecfd980f3 .alignleft { float: left; margin-right: 2em; }.wp-container-6a08ecfd980f3 .alignright { float: right; margin-left: 2em; }<\/style><\/div>\n<\/div>\n\n\n\n<div class=\"wp-block-buttons btnBox\">\n<div class=\"wp-block-button\"><a class=\"wp-block-button__link\" href=\"https:\/\/www.pica-ai.com\/es\/face-swap\/\"> \u00a1Prueba el Cambio de G\u00e9nero Ahora!<\/a><\/div>\n<\/div>\n\n\n\n<p><\/p>\n<\/div><\/div>\n<style>.wp-container-6a08ecfd98146 .alignleft { float: left; margin-right: 2em; }.wp-container-6a08ecfd98146 .alignright { float: right; margin-left: 2em; }<\/style>\n\n\n<div class=\"wp-block-media-text alignwide has-media-on-the-right is-stacked-on-mobile whiteBg txtImg\"><figure class=\"wp-block-media-text__media\"><img src=\"https:\/\/img.mbwpai.com\/www.pica-ai.com\/sites\/43\/2025\/03\/19040918\/pica-ai-gender-swap-eg4.png\" alt=\"\" class=\"wp-image-846 size-full\"\/><\/figure><div class=\"wp-block-media-text__content\">\n<h2 class=\"has-text-align-left wp-block-heading\">Descubre tu Nuevo G\u00e9nero con IA<\/h2>\n\n\n\n<p class=\"has-text-align-left\">\u00bfTe has preguntado alguna vez c\u00f3mo te ver\u00edas con otro g\u00e9nero? Sube tu foto a Pica AI y contempla tu transformaci\u00f3n al instante. Juega con diferentes peinados, ropa y fondos \u2014 ya sea que quieras un aspecto masculino atrevido o un estilo femenino deslumbrante. Nuestra IA mantiene tus rasgos faciales \u00fanicos mientras crea una transformaci\u00f3n de g\u00e9nero natural que refleja tu verdadera esencia.<\/p>\n\n\n\n<div class=\"wp-block-buttons is-content-justification-left btnBox\">\n<div class=\"wp-block-button\"><a class=\"wp-block-button__link\" href=\"https:\/\/www.pica-ai.com\/es\/face-swap\/\"> \u00a1Prueba el Cambio de G\u00e9nero Ahora!<\/a><\/div>\n<\/div>\n<\/div><\/div>\n\n\n\n<div class=\"wp-block-media-text alignwide is-stacked-on-mobile whiteBg space column-reverse\"><figure class=\"wp-block-media-text__media\"><img src=\"https:\/\/img.mbwpai.com\/www.pica-ai.com\/sites\/43\/2025\/03\/19040929\/pica-ai-gender-swap-eg2.png\" alt=\"\" class=\"wp-image-847 size-full\"\/><\/figure><div class=\"wp-block-media-text__content\">\n<h2 class=\"has-text-align-left wp-block-heading\"><strong>\u00a1Crea Momentos Divertid\u00edsimos Cambiando de G\u00e9nero en Grupo!<\/strong><\/h2>\n\n\n\n<p class=\"has-text-align-left\">\u00a1Convierte fotos y videos grupales en momentos inolvidables! Con Pica AI puedes cambiar el g\u00e9nero de cada persona en un solo archivo. Sube una foto con hasta 5 caras, elige un nuevo g\u00e9nero para cada uno, y mira c\u00f3mo tu pap\u00e1 luce una melena espectacular o tu hermana sorprende a todos con una barba. Guarda los resultados para bromas entre amigos, recuerdos familiares o reacciones sorprendentes que har\u00e1n re\u00edr a todos.<\/p>\n\n\n\n<div class=\"wp-block-buttons is-content-justification-left btnBox\">\n<div class=\"wp-block-button\"><a class=\"wp-block-button__link\" href=\"https:\/\/www.pica-ai.com\/es\/face-swap\/\"> \u00a1Prueba el Cambio de G\u00e9nero Ahora!<\/a><\/div>\n<\/div>\n\n\n\n<p><\/p>\n<\/div><\/div>\n\n\n\n<div class=\"wp-block-media-text alignwide has-media-on-the-right is-stacked-on-mobile whiteBg txtImg\"><figure class=\"wp-block-media-text__media\"><img src=\"https:\/\/img.mbwpai.com\/www.pica-ai.com\/sites\/43\/2025\/03\/19040935\/pica-ai-gender-swap-eg3.png\" alt=\"\" class=\"wp-image-848 size-full\"\/><\/figure><div class=\"wp-block-media-text__content\">\n<h2 class=\"has-text-align-left wp-block-heading\">\u00a1Arrasa en Redes Sociales con la Magia del Cambio de G\u00e9nero!<\/h2>\n\n\n\n<p class=\"has-text-align-left\">\u00bfTe acuerdas cuando los filtros de cambio de g\u00e9nero conquistaron TikTok e Instagram? \u00a1Ahora te toca a ti revivir la tendencia! Usa Pica AI para crear transformaciones antes y despu\u00e9s, duetos con cambios de g\u00e9nero o historias interactivas con preguntas hipot\u00e9ticas. Combina efectos de cambio de cara y g\u00e9nero para crear contenido impactante que destaque en el timeline de tus seguidores.<\/p>\n\n\n\n<div class=\"wp-block-buttons is-content-justification-left btnBox\">\n<div class=\"wp-block-button\"><a class=\"wp-block-button__link\" href=\"https:\/\/www.pica-ai.com\/es\/face-swap\/\"> \u00a1Prueba el Cambio de G\u00e9nero Ahora!<\/a><\/div>\n<\/div>\n<\/div><\/div>\n\n\n\n<div class=\"wp-container-6a08ecfd982c8 wp-block-group faqBox has-background\" style=\"background-color:#f2f4f5\"><div class=\"wp-block-group__inner-container\">\n<h2 class=\"wp-block-heading\">Dudas Comunes Sobre la Transformaci\u00f3n de G\u00e9nero con IA<\/h2>\n\n\n\n<div class=\"schema-faq wp-block-yoast-faq-block\"><div class=\"schema-faq-section\" id=\"faq-question-1720757919021\"><strong class=\"schema-faq-question\"><strong>\u00bfQu\u00e9 es la transformaci\u00f3n de g\u00e9nero con IA?<\/strong><\/strong> <p class=\"schema-faq-answer\">Es una herramienta s\u00faper divertida que usa inteligencia artificial para mostrarte c\u00f3mo te ver\u00edas si fueras del g\u00e9nero opuesto.<\/p> <\/div> <div class=\"schema-faq-section\" id=\"faq-question-1720757948276\"><strong class=\"schema-faq-question\"><strong>\u00bfPuedo probar gratis la transformaci\u00f3n de g\u00e9nero en Pica AI?<\/strong><\/strong> <p class=\"schema-faq-answer\">\u00a1S\u00ed! Pica AI te regala cr\u00e9ditos de bienvenida para que pruebes la transformaci\u00f3n de g\u00e9nero. Con estos cr\u00e9ditos puedes crear varias fotos transformadas o un video corto.<\/p> <\/div> <\/div>\n<\/div><\/div>\n<style>.wp-container-6a08ecfd982c8 .alignleft { float: left; margin-right: 2em; }.wp-container-6a08ecfd982c8 .alignright { float: right; margin-left: 2em; }<\/style>\n\n\n<div class=\"wp-container-6a08ecfd983b3 wp-block-group alignfull has-white-color has-white-background-color has-text-color has-background\"><div class=\"wp-block-group__inner-container\">\n<h2 class=\"has-text-align-center wp-block-heading flex-row has-black-color has-text-color\">Explora m\u00e1s herramientas de IA<\/h2>\n\n\n\n<div class=\"wp-block-columns alignfull customizeList custom-nomargin has-white-color has-white-background-color has-text-color has-background\">\n<div class=\"wp-block-column\">\n<figure class=\"wp-block-image size-large is-resized\"><a href=\"https:\/\/www.pica-ai.com\/es\/photo-enhancer\/\" target=\"_blank\" rel=\"noopener\"><img loading=\"lazy\" src=\"https:\/\/img.mbwpai.com\/www.pica-ai.com\/sites\/43\/2024\/10\/07161355\/pica-photo-enhancer-banner.png\" alt=\"\" width=\"208\" height=\"107\"\/><\/a><\/figure>\n\n\n\n<p class=\"has-text-align-left wp-block-heading has-black-color has-text-color\"><strong><a href=\"https:\/\/www.pica-ai.com\/es\/photo-enhancer\/\" target=\"_blank\" rel=\"noreferrer noopener\">Mejorador de fotos<\/a><\/strong><\/p>\n<\/div>\n\n\n\n<div class=\"wp-block-column\">\n<figure class=\"wp-block-image size-large\"><a href=\"https:\/\/www.pica-ai.com\/es\/face-swap\/\" target=\"_blank\" rel=\"noopener\"><img src=\"https:\/\/img.mbwpai.com\/www.pica-ai.com\/sites\/43\/2024\/10\/07161357\/pica-ai-face-swap-banner.png\" alt=\"\"\/><\/a><\/figure>\n\n\n\n<p class=\"has-text-align-left wp-block-heading has-black-color has-text-color\"><a href=\"https:\/\/www.pica-ai.com\/es\/face-swap\/\" target=\"_blank\" rel=\"noreferrer noopener\"><strong>Intercambio de caras<\/strong><\/a><\/p>\n<\/div>\n\n\n\n<div class=\"wp-block-column\">\n<figure class=\"wp-block-image size-large\"><a href=\"https:\/\/www.pica-ai.com\/es\/ai-headshot-generator\/\" target=\"_blank\" rel=\"noopener\"><img src=\"https:\/\/img.mbwpai.com\/www.pica-ai.com\/sites\/43\/2024\/10\/07161359\/pica-headshot-banner.png\" alt=\"\"\/><\/a><\/figure>\n\n\n\n<p class=\"has-text-align-left wp-block-heading has-black-color has-text-color\"><strong><a href=\"https:\/\/www.pica-ai.com\/es\/ai-headshot-generator\/\" target=\"_blank\" rel=\"noreferrer noopener\">Foto de perfil profesional con IA<\/a><\/strong><\/p>\n<\/div>\n<\/div>\n\n\n\n<p><\/p>\n<\/div><\/div>\n<style>.wp-container-6a08ecfd983b3 .alignleft { float: left; margin-right: 2em; }.wp-container-6a08ecfd983b3 .alignright { float: right; margin-left: 2em; }<\/style>\n\n\n<p><\/p>\n","protected":false},"excerpt":{"rendered":"<p>Intercambio de G\u00e9nero Online Gratis con IA Transforma el g\u00e9nero en fotos individuales, grupales y videos con inteligencia artificial. \u00a1Ideal para tendencias en redes sociales, hacer bromas divertidas y dar rienda suelta a tu creatividad! R\u00e1pido y Sencillo Consigue el cambio de g\u00e9nero en menos de 10 segundos. No necesitas experiencia en edici\u00f3n. Procesamiento M\u00faltiple [&hellip;]<\/p>\n","protected":false},"author":3,"featured_media":0,"parent":0,"menu_order":0,"comment_status":"closed","ping_status":"closed","template":"customPage.php","meta":[],"yoast_head":"<!-- This site is optimized with the Yoast SEO plugin v17.4 - https:\/\/yoast.com\/wordpress\/plugins\/seo\/ -->\n<title>Cambia de G\u00e9nero con IA: \u00a1Gratis Para Fotos y Videos!<\/title>\n<meta name=\"description\" content=\"Use la herramienta de Pica AI para transformar rostros en segundos. Ideal para redes sociales y descubrir nuevas facetas. \u00a1Pru\u00e9belo gratis!\" \/>\n<meta name=\"robots\" content=\"index, follow, max-snippet:-1, max-image-preview:large, max-video-preview:-1\" \/>\n<link rel=\"canonical\" href=\"https:\/\/www.pica-ai.com\/resource-es\/gender-swap\/\" \/>\n<meta property=\"og:locale\" content=\"en_US\" \/>\n<meta property=\"og:type\" content=\"article\" \/>\n<meta property=\"og:title\" content=\"Cambia de G\u00e9nero con IA: \u00a1Gratis Para Fotos y Videos!\" \/>\n<meta property=\"og:description\" content=\"Use la herramienta de Pica AI para transformar rostros en segundos. Ideal para redes sociales y descubrir nuevas facetas. \u00a1Pru\u00e9belo gratis!\" \/>\n<meta property=\"og:url\" content=\"https:\/\/www.pica-ai.com\/resource-es\/gender-swap\/\" \/>\n<meta property=\"og:site_name\" content=\"www.pica-ai.com\/resource-es\" \/>\n<meta property=\"article:modified_time\" content=\"2025-11-14T07:34:55+00:00\" \/>\n<meta property=\"og:image\" content=\"https:\/\/img.mbwpai.com\/www.pica-ai.com\/sites\/43\/2025\/03\/19053800\/pica-ai-gender-swap-eg1.png\" \/>\n<meta name=\"twitter:card\" content=\"summary_large_image\" \/>\n<meta name=\"twitter:label1\" content=\"Est. reading time\" \/>\n\t<meta name=\"twitter:data1\" content=\"6 minutes\" \/>\n<script type=\"application\/ld+json\" class=\"yoast-schema-graph\">{\"@context\":\"https:\/\/schema.org\",\"@graph\":[{\"@type\":\"WebSite\",\"@id\":\"https:\/\/www.pica-ai.com\/resource-es\/#website\",\"url\":\"https:\/\/www.pica-ai.com\/resource-es\/\",\"name\":\"www.pica-ai.com\/resource-es\",\"description\":\"Explora el mundo de la inteligencia artificial.\",\"potentialAction\":[{\"@type\":\"SearchAction\",\"target\":{\"@type\":\"EntryPoint\",\"urlTemplate\":\"https:\/\/www.pica-ai.com\/resource-es\/?s={search_term_string}\"},\"query-input\":\"required name=search_term_string\"}],\"inLanguage\":\"en-US\"},{\"@type\":\"ImageObject\",\"@id\":\"https:\/\/www.pica-ai.com\/resource-es\/gender-swap\/#primaryimage\",\"inLanguage\":\"en-US\",\"url\":\"https:\/\/img.mbwpai.com\/www.pica-ai.com\/sites\/43\/2025\/03\/19053800\/pica-ai-gender-swap-eg1.png\",\"contentUrl\":\"https:\/\/img.mbwpai.com\/www.pica-ai.com\/sites\/43\/2025\/03\/19053800\/pica-ai-gender-swap-eg1.png\"},{\"@type\":[\"WebPage\",\"FAQPage\"],\"@id\":\"https:\/\/www.pica-ai.com\/resource-es\/gender-swap\/#webpage\",\"url\":\"https:\/\/www.pica-ai.com\/resource-es\/gender-swap\/\",\"name\":\"Cambia de G\\u00e9nero con IA: \\u00a1Gratis Para Fotos y Videos!\",\"isPartOf\":{\"@id\":\"https:\/\/www.pica-ai.com\/resource-es\/#website\"},\"primaryImageOfPage\":{\"@id\":\"https:\/\/www.pica-ai.com\/resource-es\/gender-swap\/#primaryimage\"},\"datePublished\":\"2025-03-20T14:18:55+00:00\",\"dateModified\":\"2025-11-14T07:34:55+00:00\",\"description\":\"Use la herramienta de Pica AI para transformar rostros en segundos. Ideal para redes sociales y descubrir nuevas facetas. \\u00a1Pru\\u00e9belo gratis!\",\"breadcrumb\":{\"@id\":\"https:\/\/www.pica-ai.com\/resource-es\/gender-swap\/#breadcrumb\"},\"mainEntity\":[{\"@id\":\"https:\/\/www.pica-ai.com\/resource-es\/gender-swap\/#faq-question-1720757919021\"},{\"@id\":\"https:\/\/www.pica-ai.com\/resource-es\/gender-swap\/#faq-question-1720757948276\"}],\"inLanguage\":\"en-US\",\"potentialAction\":[{\"@type\":\"ReadAction\",\"target\":[\"https:\/\/www.pica-ai.com\/resource-es\/gender-swap\/\"]}]},{\"@type\":\"BreadcrumbList\",\"@id\":\"https:\/\/www.pica-ai.com\/resource-es\/gender-swap\/#breadcrumb\",\"itemListElement\":[{\"@type\":\"ListItem\",\"position\":1,\"name\":\"Blog\",\"item\":\"https:\/\/www.pica-ai.com\/resource-es\/\"},{\"@type\":\"ListItem\",\"position\":2,\"name\":\"Intercambio de G\\u00e9nero Online Gratis con IA\"}]},{\"@type\":\"Question\",\"@id\":\"https:\/\/www.pica-ai.com\/resource-es\/gender-swap\/#faq-question-1720757919021\",\"position\":1,\"url\":\"https:\/\/www.pica-ai.com\/resource-es\/gender-swap\/#faq-question-1720757919021\",\"name\":\"\\u00bfQu\\u00e9 es la transformaci\\u00f3n de g\\u00e9nero con IA?\",\"answerCount\":1,\"acceptedAnswer\":{\"@type\":\"Answer\",\"text\":\"Es una herramienta s\\u00faper divertida que usa inteligencia artificial para mostrarte c\\u00f3mo te ver\\u00edas si fueras del g\\u00e9nero opuesto.\",\"inLanguage\":\"en-US\"},\"inLanguage\":\"en-US\"},{\"@type\":\"Question\",\"@id\":\"https:\/\/www.pica-ai.com\/resource-es\/gender-swap\/#faq-question-1720757948276\",\"position\":2,\"url\":\"https:\/\/www.pica-ai.com\/resource-es\/gender-swap\/#faq-question-1720757948276\",\"name\":\"\\u00bfPuedo probar gratis la transformaci\\u00f3n de g\\u00e9nero en Pica AI?\",\"answerCount\":1,\"acceptedAnswer\":{\"@type\":\"Answer\",\"text\":\"\\u00a1S\\u00ed! Pica AI te regala cr\\u00e9ditos de bienvenida para que pruebes la transformaci\\u00f3n de g\\u00e9nero. Con estos cr\\u00e9ditos puedes crear varias fotos transformadas o un video corto.\",\"inLanguage\":\"en-US\"},\"inLanguage\":\"en-US\"}]}<\/script>\n<!-- \/ Yoast SEO plugin. -->","yoast_head_json":{"title":"Cambia de G\u00e9nero con IA: \u00a1Gratis Para Fotos y Videos!","description":"Use la herramienta de Pica AI para transformar rostros en segundos. Ideal para redes sociales y descubrir nuevas facetas. \u00a1Pru\u00e9belo gratis!","robots":{"index":"index","follow":"follow","max-snippet":"max-snippet:-1","max-image-preview":"max-image-preview:large","max-video-preview":"max-video-preview:-1"},"canonical":"https:\/\/www.pica-ai.com\/resource-es\/gender-swap\/","og_locale":"en_US","og_type":"article","og_title":"Cambia de G\u00e9nero con IA: \u00a1Gratis Para Fotos y Videos!","og_description":"Use la herramienta de Pica AI para transformar rostros en segundos. Ideal para redes sociales y descubrir nuevas facetas. \u00a1Pru\u00e9belo gratis!","og_url":"https:\/\/www.pica-ai.com\/resource-es\/gender-swap\/","og_site_name":"www.pica-ai.com\/resource-es","article_modified_time":"2025-11-14T07:34:55+00:00","og_image":[{"url":"https:\/\/img.mbwpai.com\/www.pica-ai.com\/sites\/43\/2025\/03\/19053800\/pica-ai-gender-swap-eg1.png"}],"twitter_card":"summary_large_image","twitter_misc":{"Est. reading time":"6 minutes"},"schema":{"@context":"https:\/\/schema.org","@graph":[{"@type":"WebSite","@id":"https:\/\/www.pica-ai.com\/resource-es\/#website","url":"https:\/\/www.pica-ai.com\/resource-es\/","name":"www.pica-ai.com\/resource-es","description":"Explora el mundo de la inteligencia artificial.","potentialAction":[{"@type":"SearchAction","target":{"@type":"EntryPoint","urlTemplate":"https:\/\/www.pica-ai.com\/resource-es\/?s={search_term_string}"},"query-input":"required name=search_term_string"}],"inLanguage":"en-US"},{"@type":"ImageObject","@id":"https:\/\/www.pica-ai.com\/resource-es\/gender-swap\/#primaryimage","inLanguage":"en-US","url":"https:\/\/img.mbwpai.com\/www.pica-ai.com\/sites\/43\/2025\/03\/19053800\/pica-ai-gender-swap-eg1.png","contentUrl":"https:\/\/img.mbwpai.com\/www.pica-ai.com\/sites\/43\/2025\/03\/19053800\/pica-ai-gender-swap-eg1.png"},{"@type":["WebPage","FAQPage"],"@id":"https:\/\/www.pica-ai.com\/resource-es\/gender-swap\/#webpage","url":"https:\/\/www.pica-ai.com\/resource-es\/gender-swap\/","name":"Cambia de G\u00e9nero con IA: \u00a1Gratis Para Fotos y Videos!","isPartOf":{"@id":"https:\/\/www.pica-ai.com\/resource-es\/#website"},"primaryImageOfPage":{"@id":"https:\/\/www.pica-ai.com\/resource-es\/gender-swap\/#primaryimage"},"datePublished":"2025-03-20T14:18:55+00:00","dateModified":"2025-11-14T07:34:55+00:00","description":"Use la herramienta de Pica AI para transformar rostros en segundos. Ideal para redes sociales y descubrir nuevas facetas. \u00a1Pru\u00e9belo gratis!","breadcrumb":{"@id":"https:\/\/www.pica-ai.com\/resource-es\/gender-swap\/#breadcrumb"},"mainEntity":[{"@id":"https:\/\/www.pica-ai.com\/resource-es\/gender-swap\/#faq-question-1720757919021"},{"@id":"https:\/\/www.pica-ai.com\/resource-es\/gender-swap\/#faq-question-1720757948276"}],"inLanguage":"en-US","potentialAction":[{"@type":"ReadAction","target":["https:\/\/www.pica-ai.com\/resource-es\/gender-swap\/"]}]},{"@type":"BreadcrumbList","@id":"https:\/\/www.pica-ai.com\/resource-es\/gender-swap\/#breadcrumb","itemListElement":[{"@type":"ListItem","position":1,"name":"Blog","item":"https:\/\/www.pica-ai.com\/resource-es\/"},{"@type":"ListItem","position":2,"name":"Intercambio de G\u00e9nero Online Gratis con IA"}]},{"@type":"Question","@id":"https:\/\/www.pica-ai.com\/resource-es\/gender-swap\/#faq-question-1720757919021","position":1,"url":"https:\/\/www.pica-ai.com\/resource-es\/gender-swap\/#faq-question-1720757919021","name":"\u00bfQu\u00e9 es la transformaci\u00f3n de g\u00e9nero con IA?","answerCount":1,"acceptedAnswer":{"@type":"Answer","text":"Es una herramienta s\u00faper divertida que usa inteligencia artificial para mostrarte c\u00f3mo te ver\u00edas si fueras del g\u00e9nero opuesto.","inLanguage":"en-US"},"inLanguage":"en-US"},{"@type":"Question","@id":"https:\/\/www.pica-ai.com\/resource-es\/gender-swap\/#faq-question-1720757948276","position":2,"url":"https:\/\/www.pica-ai.com\/resource-es\/gender-swap\/#faq-question-1720757948276","name":"\u00bfPuedo probar gratis la transformaci\u00f3n de g\u00e9nero en Pica AI?","answerCount":1,"acceptedAnswer":{"@type":"Answer","text":"\u00a1S\u00ed! Pica AI te regala cr\u00e9ditos de bienvenida para que pruebes la transformaci\u00f3n de g\u00e9nero. Con estos cr\u00e9ditos puedes crear varias fotos transformadas o un video corto.","inLanguage":"en-US"},"inLanguage":"en-US"}]}},"_links":{"self":[{"href":"https:\/\/www.pica-ai.com\/resource-es\/wp-json\/wp\/v2\/pages\/649"}],"collection":[{"href":"https:\/\/www.pica-ai.com\/resource-es\/wp-json\/wp\/v2\/pages"}],"about":[{"href":"https:\/\/www.pica-ai.com\/resource-es\/wp-json\/wp\/v2\/types\/page"}],"author":[{"embeddable":true,"href":"https:\/\/www.pica-ai.com\/resource-es\/wp-json\/wp\/v2\/users\/3"}],"replies":[{"embeddable":true,"href":"https:\/\/www.pica-ai.com\/resource-es\/wp-json\/wp\/v2\/comments?post=649"}],"version-history":[{"count":4,"href":"https:\/\/www.pica-ai.com\/resource-es\/wp-json\/wp\/v2\/pages\/649\/revisions"}],"predecessor-version":[{"id":692,"href":"https:\/\/www.pica-ai.com\/resource-es\/wp-json\/wp\/v2\/pages\/649\/revisions\/692"}],"wp:attachment":[{"href":"https:\/\/www.pica-ai.com\/resource-es\/wp-json\/wp\/v2\/media?parent=649"}],"curies":[{"name":"wp","href":"https:\/\/api.w.org\/{rel}","templated":true}]}}