{"id":654,"date":"2025-03-25T14:05:24","date_gmt":"2025-03-25T14:05:24","guid":{"rendered":"https:\/\/www.pica-ai.com\/resource-es\/?page_id=654"},"modified":"2025-11-14T07:38:30","modified_gmt":"2025-11-14T07:38:30","slug":"face-morph","status":"publish","type":"page","link":"https:\/\/www.pica-ai.com\/resource-es\/face-morph\/","title":{"rendered":"Morphing de Rostros AI en L\u00ednea Gratis"},"content":{"rendered":"\n<div class=\"wp-container-6a09adade7c1f wp-block-group whiteBg blogBox custom-bannerbg has-black-background-color has-background\"><div class=\"wp-block-group__inner-container\">\n<div class=\"wp-block-media-text alignwide has-media-on-the-right is-stacked-on-mobile txtImg\"><figure class=\"wp-block-media-text__media\"><img src=\"https:\/\/img.mbwpai.com\/www.pica-ai.com\/sites\/43\/2025\/03\/19053800\/pica-ai-gender-swap-eg1.png\" alt=\"AI Face Morph\" class=\"wp-image-853 size-full\"\/><\/figure><div class=\"wp-block-media-text__content\">\n<h1 class=\"has-text-align-left wp-block-heading has-white-color has-text-color\">Morphing de Rostros AI en L\u00ednea Gratis<\/h1>\n\n\n\n<p class=\"has-text-align-left has-white-color has-text-color\">Transforma cualquier foto con la herramienta de morphing de rostros de Pica AI. Fusiona rostros sin esfuerzo en obras de arte, personajes virtuales o explora diferentes looks.<\/p>\n\n\n\n<div class=\"wp-container-6a09adade7ae1 wp-block-group\"><div class=\"wp-block-group__inner-container\">\n<div class=\"wp-container-6a09adade7ab2 wp-block-group\"><div class=\"wp-block-group__inner-container\">\n<div class=\"wp-block-buttons is-content-justification-left btnBox\">\n<div class=\"wp-block-button\"><a class=\"wp-block-button__link\" href=\"https:\/\/www.pica-ai.com\/es\/face-swap\/\"> Morphing de Rostros Ahora<\/a><\/div>\n<\/div>\n<\/div><\/div>\n<style>.wp-container-6a09adade7ab2 .alignleft { float: left; margin-right: 2em; }.wp-container-6a09adade7ab2 .alignright { float: right; margin-left: 2em; }<\/style><\/div><\/div>\n<style>.wp-container-6a09adade7ae1 .alignleft { float: left; margin-right: 2em; }.wp-container-6a09adade7ae1 .alignright { float: right; margin-left: 2em; }<\/style><\/div><\/div>\n\n\n\n<div class=\"wp-block-columns alignfull customizeList listBox has-white-color has-text-color\">\n<div class=\"wp-block-column has-background\" style=\"background-color:#282a37\">\n<h5 class=\"has-text-align-left wp-block-heading has-white-color has-text-color\"><img class=\"wp-image-28\" style=\"width: 24px\" src=\"https:\/\/img.mbwpai.com\/www.pica-ai.com\/sites\/43\/2025\/02\/07161442\/fast-pica-icon.png\" alt=\"\"> <strong><strong>F\u00e1cil y R\u00e1pido<\/strong><\/strong><\/h5>\n\n\n\n<p>Simplemente sube tus fotos y obt\u00e9n los resultados morfados en 10-30 segundos, \u00a1a solo un clic de distancia!<\/p>\n<\/div>\n\n\n\n<div class=\"wp-block-column has-background\" style=\"background-color:#282a37\">\n<h5 class=\"has-text-align-left wp-block-heading has-white-color has-text-color\"><img class=\"wp-image-29\" style=\"width: 24px\" src=\"https:\/\/img.mbwpai.com\/www.pica-ai.com\/sites\/43\/2023\/05\/07161248\/icon4.png\" alt=\"\"><strong>M\u00faltiples Formatos<\/strong><\/h5>\n\n\n\n<p>Soporta varios formatos, incluyendo JPG, PNG y MP4, tanto para fotos como para videos.<\/p>\n<\/div>\n\n\n\n<div class=\"wp-block-column has-background\" style=\"background-color:#282a37\">\n<h5 class=\"has-text-align-left wp-block-heading has-white-color has-text-color\"><img class=\"wp-image-26\" style=\"width: 24px\" src=\"https:\/\/img.mbwpai.com\/www.pica-ai.com\/sites\/43\/2023\/05\/07161247\/icon1.png\" alt=\"\"> <strong>Cr\u00e9ditos Gratis<\/strong><\/h5>\n\n\n\n<p>Comienza a hacer morphing de rostros instant\u00e1neamente con cr\u00e9ditos gratis, sin necesidad de registrarte para probar.<\/p>\n<\/div>\n\n\n\n<div class=\"wp-block-column has-background\" style=\"background-color:#282a37\">\n<h5 class=\"has-text-align-left wp-block-heading has-white-color has-text-color\"><img class=\"wp-image-27\" style=\"width: 24px\" src=\"https:\/\/img.mbwpai.com\/www.pica-ai.com\/sites\/43\/2023\/05\/07161248\/icon2.png\" alt=\"\"> <strong>Privacidad Garantizada<\/strong><\/h5>\n\n\n\n<p>Los datos de los invitados se eliminan autom\u00e1ticamente en 24 horas. Los usuarios registrados tienen control total sobre sus datos.<\/p>\n<\/div>\n<\/div>\n<\/div><\/div>\n<style>.wp-container-6a09adade7c1f .alignleft { float: left; margin-right: 2em; }.wp-container-6a09adade7c1f .alignright { float: right; margin-left: 2em; }<\/style>\n\n\n<div class=\"wp-container-6a09adade7e6e wp-block-group custom-main-btn custon-how-use has-white-background-color has-background\"><div class=\"wp-block-group__inner-container\">\n<h2 class=\"has-text-align-center wp-block-heading\">C\u00f3mo Hacer Morphing de Rostros en 3 F\u00e1ciles Pasos<\/h2>\n\n\n\n<div class=\"wp-block-columns\">\n<div class=\"wp-block-column\">\n<figure class=\"wp-block-image size-full\"><img src=\"https:\/\/img.mbwpai.com\/www.pica-ai.com\/sites\/43\/2025\/03\/19013838\/pica-ai-face-swap-step1.png\" alt=\"\" class=\"wp-image-837\"\/><\/figure>\n\n\n\n<div class=\"wp-container-6a09adade7cf9 wp-block-group\"><div class=\"wp-block-group__inner-container\">\n<h5 class=\"has-text-align-left wp-block-heading\"><strong>01 <\/strong><\/h5>\n\n\n\n<h5 class=\"has-text-align-left wp-block-heading\"><strong><strong><strong>Elige tu lienzo<\/strong><\/strong><\/strong><\/h5>\n\n\n\n<p>Sube cualquier foto o video que desees transformar.<\/p>\n<\/div><\/div>\n<style>.wp-container-6a09adade7cf9 .alignleft { float: left; margin-right: 2em; }.wp-container-6a09adade7cf9 .alignright { float: right; margin-left: 2em; }<\/style><\/div>\n\n\n\n<div class=\"wp-block-column\">\n<figure class=\"wp-block-image size-full\"><img src=\"https:\/\/img.mbwpai.com\/www.pica-ai.com\/sites\/43\/2025\/03\/19013815\/pica-ai-face-swap-step2.png\" alt=\"\" class=\"wp-image-834\"\/><\/figure>\n\n\n\n<div class=\"wp-container-6a09adade7d84 wp-block-group\"><div class=\"wp-block-group__inner-container\">\n<h5 class=\"has-text-align-left wp-block-heading\"><strong>02 <\/strong><\/h5>\n\n\n\n<h5 class=\"has-text-align-left wp-block-heading\"><strong><strong><strong><strong>A\u00f1ade la cara fuente<\/strong><\/strong><\/strong><\/strong><\/h5>\n\n\n\n<p>Sube la foto del rostro que quieres fusionar en la imagen\/video.<\/p>\n<\/div><\/div>\n<style>.wp-container-6a09adade7d84 .alignleft { float: left; margin-right: 2em; }.wp-container-6a09adade7d84 .alignright { float: right; margin-left: 2em; }<\/style><\/div>\n\n\n\n<div class=\"wp-block-column\">\n<figure class=\"wp-block-image size-full\"><img src=\"https:\/\/img.mbwpai.com\/www.pica-ai.com\/sites\/43\/2025\/03\/19013819\/pica-ai-face-swap-step3.png\" alt=\"\" class=\"wp-image-835\"\/><\/figure>\n\n\n\n<div class=\"wp-container-6a09adade7e0c wp-block-group\"><div class=\"wp-block-group__inner-container\">\n<h5 class=\"has-text-align-left wp-block-heading\"><strong>03 <\/strong><\/h5>\n\n\n\n<h5 class=\"has-text-align-left wp-block-heading\"><strong><strong><strong>Genera y descarga<\/strong><\/strong><\/strong><\/h5>\n\n\n\n<p>Haz clic en &#8216;Intercambiar&#8217; y obt\u00e9n tu creaci\u00f3n morfada al instante.<\/p>\n<\/div><\/div>\n<style>.wp-container-6a09adade7e0c .alignleft { float: left; margin-right: 2em; }.wp-container-6a09adade7e0c .alignright { float: right; margin-left: 2em; }<\/style><\/div>\n<\/div>\n\n\n\n<div class=\"wp-block-buttons btnBox\">\n<div class=\"wp-block-button\"><a class=\"wp-block-button__link\" href=\"https:\/\/www.pica-ai.com\/es\/face-swap\/\"> Morphing de Rostros Ahora<\/a><\/div>\n<\/div>\n<\/div><\/div>\n<style>.wp-container-6a09adade7e6e .alignleft { float: left; margin-right: 2em; }.wp-container-6a09adade7e6e .alignright { float: right; margin-left: 2em; }<\/style>\n\n\n<div class=\"wp-block-media-text alignwide has-media-on-the-right is-stacked-on-mobile whiteBg txtImg\"><figure class=\"wp-block-media-text__media\"><img src=\"https:\/\/img.mbwpai.com\/www.pica-ai.com\/sites\/43\/2025\/03\/21060343\/pica-ai-face-morph-1.png\" alt=\"Morph Face into Artworks\" class=\"wp-image-871 size-full\"\/><\/figure><div class=\"wp-block-media-text__content\">\n<h2 class=\"has-text-align-left wp-block-heading\"><strong>Morfear tu Rostro en Obras de Arte<\/strong><\/h2>\n\n\n\n<p class=\"has-text-align-left\">\u00bfAlguna vez te has preguntado c\u00f3mo te ver\u00edas en una pintura famosa? Nuestra tecnolog\u00eda de morphing de rostros te permite ser parte de cualquier obra de arte, manteniendo intactas tus caracter\u00edsticas \u00fanicas. Desde obras maestras del Renacimiento hasta arte moderno, transforma tus fotos en piezas dignas de galer\u00eda que se fusionan perfectamente con el estilo original.<\/p>\n\n\n\n<div class=\"wp-block-buttons is-content-justification-left btnBox\">\n<div class=\"wp-block-button\"><a class=\"wp-block-button__link\" href=\"https:\/\/www.pica-ai.com\/es\/face-swap\/\"> Morphing de Rostros Ahora<\/a><\/div>\n<\/div>\n<\/div><\/div>\n\n\n\n<div class=\"wp-block-media-text alignwide is-stacked-on-mobile whiteBg space column-reverse\"><figure class=\"wp-block-media-text__media\"><img src=\"https:\/\/img.mbwpai.com\/www.pica-ai.com\/sites\/43\/2025\/03\/21064242\/pica-ai-face-morph-2.png\" alt=\"Merge Faces with Virtual Characters\" class=\"wp-image-873 size-full\"\/><\/figure><div class=\"wp-block-media-text__content\">\n<h2 class=\"has-text-align-left wp-block-heading\"><strong><strong>Fusiona rostros con personajes virtuales<\/strong><\/strong><\/h2>\n\n\n\n<p class=\"has-text-align-left\">\u00bfQuieres verte como tu personaje favorito de un juego o anime? Subir cualquier personaje virtual, desde h\u00e9roes populares de anime hasta avatares de juegos, y nuestra IA detectar\u00e1 los detalles faciales para fusionar tu rostro con ellos.<\/p>\n\n\n\n<div class=\"wp-block-buttons is-content-justification-left btnBox\">\n<div class=\"wp-block-button\"><a class=\"wp-block-button__link\" href=\"https:\/\/www.pica-ai.com\/es\/face-swap\/\"> Morphing de Rostros Ahora<\/a><\/div>\n<\/div>\n\n\n\n<p><\/p>\n<\/div><\/div>\n\n\n\n<div class=\"wp-block-media-text alignwide has-media-on-the-right is-stacked-on-mobile whiteBg txtImg\"><figure class=\"wp-block-media-text__media\"><img src=\"https:\/\/img.mbwpai.com\/www.pica-ai.com\/sites\/43\/2025\/03\/19040935\/pica-ai-gender-swap-eg3.png\" alt=\"Gender-Bending Face Morph\" class=\"wp-image-848 size-full\"\/><\/figure><div class=\"wp-block-media-text__content\">\n<h2 class=\"has-text-align-left wp-block-heading\"><strong>Morphing de rostros de g\u00e9nero<\/strong><\/h2>\n\n\n\n<p class=\"has-text-align-left\">\u00bfTienes curiosidad por ver c\u00f3mo te ver\u00edas de otro g\u00e9nero? Nuestra herramienta de morphing de rostros te permite explorar diferentes apariencias de g\u00e9nero manteniendo tus caracter\u00edsticas naturales. Es una opci\u00f3n popular entre los usuarios que desean experimentar con diferentes looks o entender mejor su expresi\u00f3n de g\u00e9nero.<\/p>\n\n\n\n<div class=\"wp-block-buttons is-content-justification-left btnBox\">\n<div class=\"wp-block-button\"><a class=\"wp-block-button__link\" href=\"https:\/\/www.pica-ai.com\/es\/face-swap\/\"> Morphing de Rostros Ahora<\/a><\/div>\n<\/div>\n<\/div><\/div>\n\n\n\n<div class=\"wp-container-6a09adade8092 wp-block-group faqBox has-background\" style=\"background-color:#f2f4f5\"><div class=\"wp-block-group__inner-container\">\n<h2 class=\"wp-block-heading\">Preguntas frecuentes sobre el morphing de rostros<\/h2>\n\n\n\n<div class=\"schema-faq wp-block-yoast-faq-block\"><div class=\"schema-faq-section\" id=\"faq-question-1720757919021\"><strong class=\"schema-faq-question\"><strong><strong>\u00bfEs gratis el morphing de rostros en Pica AI?<\/strong><\/strong><\/strong> <p class=\"schema-faq-answer\">\u00a1S\u00ed! Todos los nuevos usuarios obtienen cr\u00e9ditos gratis.<\/p> <\/div> <div class=\"schema-faq-section\" id=\"faq-question-1720757948276\"><strong class=\"schema-faq-question\"><strong><strong>\u00bfPuedo hacer morphing de rostros en videos?<\/strong><\/strong><\/strong> <p class=\"schema-faq-answer\">\u00a1Absolutamente! Sube tus archivos de video y deja que la IA se encargue de los intercambios cuadro por cuadro de manera fluida.<\/p> <\/div> <\/div>\n<\/div><\/div>\n<style>.wp-container-6a09adade8092 .alignleft { float: left; margin-right: 2em; }.wp-container-6a09adade8092 .alignright { float: right; margin-left: 2em; }<\/style>\n\n\n<p><\/p>\n\n\n\n<p><\/p>\n\n\n\n<div class=\"wp-container-6a09adade824c wp-block-group alignfull has-white-color has-white-background-color has-text-color has-background\"><div class=\"wp-block-group__inner-container\">\n<h2 class=\"has-text-align-center wp-block-heading flex-row has-black-color has-text-color\">Explora m\u00e1s herramientas de IA<\/h2>\n\n\n\n<div class=\"wp-block-columns alignfull customizeList custom-nomargin has-white-color has-white-background-color has-text-color has-background\">\n<div class=\"wp-block-column\">\n<figure class=\"wp-block-image size-large is-resized\"><a href=\"https:\/\/www.pica-ai.com\/es\/photo-enhancer\/\" target=\"_blank\" rel=\"noopener\"><img loading=\"lazy\" src=\"https:\/\/img.mbwpai.com\/www.pica-ai.com\/sites\/43\/2024\/10\/07161355\/pica-photo-enhancer-banner.png\" alt=\"\" width=\"208\" height=\"107\"\/><\/a><\/figure>\n\n\n\n<p class=\"has-text-align-left wp-block-heading has-black-color has-text-color\"><strong><a href=\"https:\/\/www.pica-ai.com\/es\/photo-enhancer\/\" target=\"_blank\" rel=\"noreferrer noopener\">Mejorador de fotos<\/a><\/strong><\/p>\n<\/div>\n\n\n\n<div class=\"wp-block-column\">\n<figure class=\"wp-block-image size-large\"><a href=\"https:\/\/www.pica-ai.com\/es\/face-swap\/\" target=\"_blank\" rel=\"noopener\"><img src=\"https:\/\/img.mbwpai.com\/www.pica-ai.com\/sites\/43\/2024\/10\/07161357\/pica-ai-face-swap-banner.png\" alt=\"\"\/><\/a><\/figure>\n\n\n\n<p class=\"has-text-align-left wp-block-heading has-black-color has-text-color\"><a href=\"https:\/\/www.pica-ai.com\/es\/face-swap\/\" target=\"_blank\" rel=\"noreferrer noopener\"><strong>Intercambio de caras<\/strong><\/a><\/p>\n<\/div>\n\n\n\n<div class=\"wp-block-column\">\n<figure class=\"wp-block-image size-large\"><a href=\"https:\/\/www.pica-ai.com\/es\/ai-headshot-generator\/\" target=\"_blank\" rel=\"noopener\"><img src=\"https:\/\/img.mbwpai.com\/www.pica-ai.com\/sites\/43\/2024\/10\/07161359\/pica-headshot-banner.png\" alt=\"\"\/><\/a><\/figure>\n\n\n\n<p class=\"has-text-align-left wp-block-heading has-black-color has-text-color\"><strong><a href=\"https:\/\/www.pica-ai.com\/es\/ai-headshot-generator\/\" target=\"_blank\" rel=\"noreferrer noopener\">Foto de perfil profesional con IA<\/a><\/strong><\/p>\n<\/div>\n<\/div>\n\n\n\n<p><\/p>\n<\/div><\/div>\n<style>.wp-container-6a09adade824c .alignleft { float: left; margin-right: 2em; }.wp-container-6a09adade824c .alignright { float: right; margin-left: 2em; }<\/style>","protected":false},"excerpt":{"rendered":"<p>Morphing de Rostros AI en L\u00ednea Gratis Transforma cualquier foto con la herramienta de morphing de rostros de Pica AI. Fusiona rostros sin esfuerzo en obras de arte, personajes virtuales o explora diferentes looks. F\u00e1cil y R\u00e1pido Simplemente sube tus fotos y obt\u00e9n los resultados morfados en 10-30 segundos, \u00a1a solo un clic de distancia! [&hellip;]<\/p>\n","protected":false},"author":3,"featured_media":0,"parent":0,"menu_order":0,"comment_status":"closed","ping_status":"closed","template":"customPage.php","meta":[],"yoast_head":"<!-- This site is optimized with the Yoast SEO plugin v17.4 - https:\/\/yoast.com\/wordpress\/plugins\/seo\/ -->\n<title>Morphing de Rostros AI en L\u00ednea Gratis<\/title>\n<meta name=\"description\" content=\"Transforma tus fotos con la herramienta de morphing de rostros de Pica AI. Fusiona rostros en fotos o videos de manera fluida. \u00a1Comienza a hacer morphing de rostros en segundos!\" \/>\n<meta name=\"robots\" content=\"index, follow, max-snippet:-1, max-image-preview:large, max-video-preview:-1\" \/>\n<link rel=\"canonical\" href=\"https:\/\/www.pica-ai.com\/resource-es\/face-morph\/\" \/>\n<meta property=\"og:locale\" content=\"en_US\" \/>\n<meta property=\"og:type\" content=\"article\" \/>\n<meta property=\"og:title\" content=\"Morphing de Rostros AI en L\u00ednea Gratis\" \/>\n<meta property=\"og:description\" content=\"Transforma tus fotos con la herramienta de morphing de rostros de Pica AI. Fusiona rostros en fotos o videos de manera fluida. \u00a1Comienza a hacer morphing de rostros en segundos!\" \/>\n<meta property=\"og:url\" content=\"https:\/\/www.pica-ai.com\/resource-es\/face-morph\/\" \/>\n<meta property=\"og:site_name\" content=\"www.pica-ai.com\/resource-es\" \/>\n<meta property=\"article:modified_time\" content=\"2025-11-14T07:38:30+00:00\" \/>\n<meta property=\"og:image\" content=\"https:\/\/img.mbwpai.com\/www.pica-ai.com\/sites\/43\/2025\/03\/19053800\/pica-ai-gender-swap-eg1.png\" \/>\n<meta name=\"twitter:card\" content=\"summary_large_image\" \/>\n<meta name=\"twitter:label1\" content=\"Est. reading time\" \/>\n\t<meta name=\"twitter:data1\" content=\"5 minutes\" \/>\n<script type=\"application\/ld+json\" class=\"yoast-schema-graph\">{\"@context\":\"https:\/\/schema.org\",\"@graph\":[{\"@type\":\"WebSite\",\"@id\":\"https:\/\/www.pica-ai.com\/resource-es\/#website\",\"url\":\"https:\/\/www.pica-ai.com\/resource-es\/\",\"name\":\"www.pica-ai.com\/resource-es\",\"description\":\"Explora el mundo de la inteligencia artificial.\",\"potentialAction\":[{\"@type\":\"SearchAction\",\"target\":{\"@type\":\"EntryPoint\",\"urlTemplate\":\"https:\/\/www.pica-ai.com\/resource-es\/?s={search_term_string}\"},\"query-input\":\"required name=search_term_string\"}],\"inLanguage\":\"en-US\"},{\"@type\":\"ImageObject\",\"@id\":\"https:\/\/www.pica-ai.com\/resource-es\/face-morph\/#primaryimage\",\"inLanguage\":\"en-US\",\"url\":\"https:\/\/img.mbwpai.com\/www.pica-ai.com\/sites\/43\/2025\/03\/19053800\/pica-ai-gender-swap-eg1.png\",\"contentUrl\":\"https:\/\/img.mbwpai.com\/www.pica-ai.com\/sites\/43\/2025\/03\/19053800\/pica-ai-gender-swap-eg1.png\"},{\"@type\":[\"WebPage\",\"FAQPage\"],\"@id\":\"https:\/\/www.pica-ai.com\/resource-es\/face-morph\/#webpage\",\"url\":\"https:\/\/www.pica-ai.com\/resource-es\/face-morph\/\",\"name\":\"Morphing de Rostros AI en L\\u00ednea Gratis\",\"isPartOf\":{\"@id\":\"https:\/\/www.pica-ai.com\/resource-es\/#website\"},\"primaryImageOfPage\":{\"@id\":\"https:\/\/www.pica-ai.com\/resource-es\/face-morph\/#primaryimage\"},\"datePublished\":\"2025-03-25T14:05:24+00:00\",\"dateModified\":\"2025-11-14T07:38:30+00:00\",\"description\":\"Transforma tus fotos con la herramienta de morphing de rostros de Pica AI. Fusiona rostros en fotos o videos de manera fluida. \\u00a1Comienza a hacer morphing de rostros en segundos!\",\"breadcrumb\":{\"@id\":\"https:\/\/www.pica-ai.com\/resource-es\/face-morph\/#breadcrumb\"},\"mainEntity\":[{\"@id\":\"https:\/\/www.pica-ai.com\/resource-es\/face-morph\/#faq-question-1720757919021\"},{\"@id\":\"https:\/\/www.pica-ai.com\/resource-es\/face-morph\/#faq-question-1720757948276\"}],\"inLanguage\":\"en-US\",\"potentialAction\":[{\"@type\":\"ReadAction\",\"target\":[\"https:\/\/www.pica-ai.com\/resource-es\/face-morph\/\"]}]},{\"@type\":\"BreadcrumbList\",\"@id\":\"https:\/\/www.pica-ai.com\/resource-es\/face-morph\/#breadcrumb\",\"itemListElement\":[{\"@type\":\"ListItem\",\"position\":1,\"name\":\"Blog\",\"item\":\"https:\/\/www.pica-ai.com\/resource-es\/\"},{\"@type\":\"ListItem\",\"position\":2,\"name\":\"Morphing de Rostros AI en L\\u00ednea Gratis\"}]},{\"@type\":\"Question\",\"@id\":\"https:\/\/www.pica-ai.com\/resource-es\/face-morph\/#faq-question-1720757919021\",\"position\":1,\"url\":\"https:\/\/www.pica-ai.com\/resource-es\/face-morph\/#faq-question-1720757919021\",\"name\":\"\\u00bfEs gratis el morphing de rostros en Pica AI?\",\"answerCount\":1,\"acceptedAnswer\":{\"@type\":\"Answer\",\"text\":\"\\u00a1S\\u00ed! Todos los nuevos usuarios obtienen cr\\u00e9ditos gratis.\",\"inLanguage\":\"en-US\"},\"inLanguage\":\"en-US\"},{\"@type\":\"Question\",\"@id\":\"https:\/\/www.pica-ai.com\/resource-es\/face-morph\/#faq-question-1720757948276\",\"position\":2,\"url\":\"https:\/\/www.pica-ai.com\/resource-es\/face-morph\/#faq-question-1720757948276\",\"name\":\"\\u00bfPuedo hacer morphing de rostros en videos?\",\"answerCount\":1,\"acceptedAnswer\":{\"@type\":\"Answer\",\"text\":\"\\u00a1Absolutamente! Sube tus archivos de video y deja que la IA se encargue de los intercambios cuadro por cuadro de manera fluida.\",\"inLanguage\":\"en-US\"},\"inLanguage\":\"en-US\"}]}<\/script>\n<!-- \/ Yoast SEO plugin. -->","yoast_head_json":{"title":"Morphing de Rostros AI en L\u00ednea Gratis","description":"Transforma tus fotos con la herramienta de morphing de rostros de Pica AI. Fusiona rostros en fotos o videos de manera fluida. \u00a1Comienza a hacer morphing de rostros en segundos!","robots":{"index":"index","follow":"follow","max-snippet":"max-snippet:-1","max-image-preview":"max-image-preview:large","max-video-preview":"max-video-preview:-1"},"canonical":"https:\/\/www.pica-ai.com\/resource-es\/face-morph\/","og_locale":"en_US","og_type":"article","og_title":"Morphing de Rostros AI en L\u00ednea Gratis","og_description":"Transforma tus fotos con la herramienta de morphing de rostros de Pica AI. Fusiona rostros en fotos o videos de manera fluida. \u00a1Comienza a hacer morphing de rostros en segundos!","og_url":"https:\/\/www.pica-ai.com\/resource-es\/face-morph\/","og_site_name":"www.pica-ai.com\/resource-es","article_modified_time":"2025-11-14T07:38:30+00:00","og_image":[{"url":"https:\/\/img.mbwpai.com\/www.pica-ai.com\/sites\/43\/2025\/03\/19053800\/pica-ai-gender-swap-eg1.png"}],"twitter_card":"summary_large_image","twitter_misc":{"Est. reading time":"5 minutes"},"schema":{"@context":"https:\/\/schema.org","@graph":[{"@type":"WebSite","@id":"https:\/\/www.pica-ai.com\/resource-es\/#website","url":"https:\/\/www.pica-ai.com\/resource-es\/","name":"www.pica-ai.com\/resource-es","description":"Explora el mundo de la inteligencia artificial.","potentialAction":[{"@type":"SearchAction","target":{"@type":"EntryPoint","urlTemplate":"https:\/\/www.pica-ai.com\/resource-es\/?s={search_term_string}"},"query-input":"required name=search_term_string"}],"inLanguage":"en-US"},{"@type":"ImageObject","@id":"https:\/\/www.pica-ai.com\/resource-es\/face-morph\/#primaryimage","inLanguage":"en-US","url":"https:\/\/img.mbwpai.com\/www.pica-ai.com\/sites\/43\/2025\/03\/19053800\/pica-ai-gender-swap-eg1.png","contentUrl":"https:\/\/img.mbwpai.com\/www.pica-ai.com\/sites\/43\/2025\/03\/19053800\/pica-ai-gender-swap-eg1.png"},{"@type":["WebPage","FAQPage"],"@id":"https:\/\/www.pica-ai.com\/resource-es\/face-morph\/#webpage","url":"https:\/\/www.pica-ai.com\/resource-es\/face-morph\/","name":"Morphing de Rostros AI en L\u00ednea Gratis","isPartOf":{"@id":"https:\/\/www.pica-ai.com\/resource-es\/#website"},"primaryImageOfPage":{"@id":"https:\/\/www.pica-ai.com\/resource-es\/face-morph\/#primaryimage"},"datePublished":"2025-03-25T14:05:24+00:00","dateModified":"2025-11-14T07:38:30+00:00","description":"Transforma tus fotos con la herramienta de morphing de rostros de Pica AI. Fusiona rostros en fotos o videos de manera fluida. \u00a1Comienza a hacer morphing de rostros en segundos!","breadcrumb":{"@id":"https:\/\/www.pica-ai.com\/resource-es\/face-morph\/#breadcrumb"},"mainEntity":[{"@id":"https:\/\/www.pica-ai.com\/resource-es\/face-morph\/#faq-question-1720757919021"},{"@id":"https:\/\/www.pica-ai.com\/resource-es\/face-morph\/#faq-question-1720757948276"}],"inLanguage":"en-US","potentialAction":[{"@type":"ReadAction","target":["https:\/\/www.pica-ai.com\/resource-es\/face-morph\/"]}]},{"@type":"BreadcrumbList","@id":"https:\/\/www.pica-ai.com\/resource-es\/face-morph\/#breadcrumb","itemListElement":[{"@type":"ListItem","position":1,"name":"Blog","item":"https:\/\/www.pica-ai.com\/resource-es\/"},{"@type":"ListItem","position":2,"name":"Morphing de Rostros AI en L\u00ednea Gratis"}]},{"@type":"Question","@id":"https:\/\/www.pica-ai.com\/resource-es\/face-morph\/#faq-question-1720757919021","position":1,"url":"https:\/\/www.pica-ai.com\/resource-es\/face-morph\/#faq-question-1720757919021","name":"\u00bfEs gratis el morphing de rostros en Pica AI?","answerCount":1,"acceptedAnswer":{"@type":"Answer","text":"\u00a1S\u00ed! Todos los nuevos usuarios obtienen cr\u00e9ditos gratis.","inLanguage":"en-US"},"inLanguage":"en-US"},{"@type":"Question","@id":"https:\/\/www.pica-ai.com\/resource-es\/face-morph\/#faq-question-1720757948276","position":2,"url":"https:\/\/www.pica-ai.com\/resource-es\/face-morph\/#faq-question-1720757948276","name":"\u00bfPuedo hacer morphing de rostros en videos?","answerCount":1,"acceptedAnswer":{"@type":"Answer","text":"\u00a1Absolutamente! Sube tus archivos de video y deja que la IA se encargue de los intercambios cuadro por cuadro de manera fluida.","inLanguage":"en-US"},"inLanguage":"en-US"}]}},"_links":{"self":[{"href":"https:\/\/www.pica-ai.com\/resource-es\/wp-json\/wp\/v2\/pages\/654"}],"collection":[{"href":"https:\/\/www.pica-ai.com\/resource-es\/wp-json\/wp\/v2\/pages"}],"about":[{"href":"https:\/\/www.pica-ai.com\/resource-es\/wp-json\/wp\/v2\/types\/page"}],"author":[{"embeddable":true,"href":"https:\/\/www.pica-ai.com\/resource-es\/wp-json\/wp\/v2\/users\/3"}],"replies":[{"embeddable":true,"href":"https:\/\/www.pica-ai.com\/resource-es\/wp-json\/wp\/v2\/comments?post=654"}],"version-history":[{"count":4,"href":"https:\/\/www.pica-ai.com\/resource-es\/wp-json\/wp\/v2\/pages\/654\/revisions"}],"predecessor-version":[{"id":697,"href":"https:\/\/www.pica-ai.com\/resource-es\/wp-json\/wp\/v2\/pages\/654\/revisions\/697"}],"wp:attachment":[{"href":"https:\/\/www.pica-ai.com\/resource-es\/wp-json\/wp\/v2\/media?parent=654"}],"curies":[{"name":"wp","href":"https:\/\/api.w.org\/{rel}","templated":true}]}}